{"id":4230,"date":"2025-09-19T06:37:00","date_gmt":"2025-09-19T06:37:00","guid":{"rendered":"https:\/\/singlacomputers.com\/?post_type=product&#038;p=4230"},"modified":"2025-09-19T06:59:58","modified_gmt":"2025-09-19T06:59:58","slug":"cctv-camera-ip-05-mp-unv-builet-2125le-builet","status":"publish","type":"product","link":"https:\/\/singlacomputers.com\/index.php\/product\/cctv-camera-ip-05-mp-unv-builet-2125le-builet\/","title":{"rendered":"Cctv Camera IP 05 Mp UNV Builet 2125LE Builet"},"content":{"rendered":"<table width=\"100%\">\n<tbody>\n<tr>\n<td class=\"thead\" colspan=\"9\">Camera<b><\/b><\/td>\n<\/tr>\n<tr>\n<td>Max Resolution<\/td>\n<td colspan=\"8\">5 MP<\/td>\n<\/tr>\n<tr>\n<td>Sensor<\/td>\n<td colspan=\"8\">1\/2.7&#8243; CMOS<\/td>\n<\/tr>\n<tr>\n<td>Min. Illumination<\/td>\n<td colspan=\"8\">Color: 0.003 Lux (F1.6, AGC ON), 0 Lux with IR on<\/td>\n<\/tr>\n<tr>\n<td>Day\/Night<\/td>\n<td colspan=\"8\">IR-cut filter with auto switch (ICR)<\/td>\n<\/tr>\n<tr>\n<td>Shutter<\/td>\n<td colspan=\"8\">Auto\/Manual, 1 ~ 1\/100000s<\/td>\n<\/tr>\n<tr>\n<td>Adjustment Angle<\/td>\n<td colspan=\"8\">Pan: 0\u00b0 to 360\u00b0, Tilt: 0\u00b0 to 90\u00b0, Rotate: 0\u00b0 to 360\u00b0<\/td>\n<\/tr>\n<tr>\n<td>S\/N<\/td>\n<td colspan=\"8\">&gt;52 dB<\/td>\n<\/tr>\n<tr>\n<td>WDR<\/td>\n<td colspan=\"8\">120 dB<\/td>\n<\/tr>\n<tr>\n<td class=\"thead\" colspan=\"9\">Lens<b><\/b><\/td>\n<\/tr>\n<tr>\n<td>Focal Length<\/td>\n<td colspan=\"4\">2.8 mm<\/td>\n<td colspan=\"4\">4.0 mm<\/td>\n<\/tr>\n<tr>\n<td>Iris Type<\/td>\n<td colspan=\"8\">Fixed<\/td>\n<\/tr>\n<tr>\n<td>Iris<\/td>\n<td colspan=\"8\">F1.6<\/td>\n<\/tr>\n<tr>\n<td>Field of View (H)<\/td>\n<td colspan=\"4\">110.0\u00b0<\/td>\n<td colspan=\"4\">91.2\u00b0<\/td>\n<\/tr>\n<tr>\n<td>Field of View (V)<\/td>\n<td colspan=\"4\">58.7\u00b0<\/td>\n<td colspan=\"4\">43.7\u00b0<\/td>\n<\/tr>\n<tr>\n<td>Field of View (D)<\/td>\n<td colspan=\"4\">130\u00b0<\/td>\n<td colspan=\"4\">95.3\u00b0<\/td>\n<\/tr>\n<tr>\n<td class=\"thead\" colspan=\"9\">DORI<b><\/b><\/td>\n<\/tr>\n<tr>\n<td>DORI Distance (Lens)<\/td>\n<td colspan=\"4\">2.8 mm<\/td>\n<td colspan=\"4\">4 mm<\/td>\n<\/tr>\n<tr>\n<td>DORI Distance (Detect)<\/td>\n<td colspan=\"4\">63.0 m (206.7 ft.)<\/td>\n<td colspan=\"4\">90.0 m (295.3 ft.)<\/td>\n<\/tr>\n<tr>\n<td>DORI Distance (Observe)<\/td>\n<td colspan=\"4\">25.2 m (82.7 ft.)<\/td>\n<td colspan=\"4\">36.0 m (118.1 ft.)<\/td>\n<\/tr>\n<tr>\n<td>DORI Distance (Recognize)<\/td>\n<td colspan=\"4\">12.6 m (41.3 ft.)<\/td>\n<td colspan=\"4\">18.0 m (59.1 ft.)<\/td>\n<\/tr>\n<tr>\n<td>DORI Distance (Identify)<\/td>\n<td colspan=\"4\">6.3 m (20.7 ft.)<\/td>\n<td colspan=\"4\">9.0 m (29.5 ft.)<\/td>\n<\/tr>\n<tr>\n<td class=\"thead\" colspan=\"9\">Illuminator<b><\/b><\/td>\n<\/tr>\n<tr>\n<td>Supplemental Light<\/td>\n<td colspan=\"8\">IR<\/td>\n<\/tr>\n<tr>\n<td>Illumination Distance (IR)<\/td>\n<td colspan=\"8\">50 m (164.0 ft)<\/td>\n<\/tr>\n<tr>\n<td>Wavelength<\/td>\n<td colspan=\"8\">850 nm<\/td>\n<\/tr>\n<tr>\n<td>IR On\/Off Control<\/td>\n<td colspan=\"8\">Auto\/Manual<\/td>\n<\/tr>\n<tr>\n<td class=\"thead\" colspan=\"9\">Video<b><\/b><\/td>\n<\/tr>\n<tr>\n<td>Video Compression<\/td>\n<td colspan=\"8\">Ultra 265, H.265, H.264, MJPEG<\/td>\n<\/tr>\n<tr>\n<td>H.264 Code Profile<\/td>\n<td colspan=\"8\">Baseline profile, Main profile, High profile<\/td>\n<\/tr>\n<tr>\n<td>Frame Rate<\/td>\n<td colspan=\"8\">Main Stream: 5 MP (2880 \u00d7 1620), max. 25 fps; 4 MP (2560 \u00d7 1440), max. 25 fps; 3 MP (2304 \u00d7 1296), max. 30 fps; 1080P (1920 \u00d7 1080), max. 30 fps; 720P (1280 \u00d7 720), max. 30 fps;<br \/>\nSub Stream: 720P (1280 \u00d7 720), max. 30 fps; D1 (720 \u00d7 576), max. 30 fps; 640 \u00d7 360, max. 30 fps<\/td>\n<\/tr>\n<tr>\n<td>Video Bit Rate<\/td>\n<td colspan=\"8\">128 Kbps to 6144 Kbps<\/td>\n<\/tr>\n<tr>\n<td>U-code<\/td>\n<td colspan=\"8\">Support<\/td>\n<\/tr>\n<tr>\n<td>OSD<\/td>\n<td colspan=\"8\">Up to 4 OSDs<\/td>\n<\/tr>\n<tr>\n<td>Privacy Mask<\/td>\n<td colspan=\"8\">Up to 4 areas<\/td>\n<\/tr>\n<tr>\n<td>ROI<\/td>\n<td colspan=\"8\">Support<\/td>\n<\/tr>\n<tr>\n<td>Video Stream<\/td>\n<td colspan=\"8\">Dual streams<\/td>\n<\/tr>\n<tr>\n<td class=\"thead\" colspan=\"9\">Image<b><\/b><\/td>\n<\/tr>\n<tr>\n<td>White Balance<\/td>\n<td colspan=\"8\">Auto, Outdoor, Fine tune, Sodium lamp, Locked, Auto2<\/td>\n<\/tr>\n<tr>\n<td>Digital Noise Reduction<\/td>\n<td colspan=\"8\">2D\/3D DNR<\/td>\n<\/tr>\n<tr>\n<td>Smart IR<\/td>\n<td colspan=\"8\">Support<\/td>\n<\/tr>\n<tr>\n<td>Flip<\/td>\n<td colspan=\"8\">Normal, Flip vertical, Flip horizontal, 180\u00b0, 90\u00b0 Clockwise, 90\u00b0 Anti-clockwise<\/td>\n<\/tr>\n<tr>\n<td>Dewarping<\/td>\n<td colspan=\"8\">N\/A<\/td>\n<\/tr>\n<tr>\n<td>HLC<\/td>\n<td colspan=\"8\">Support<\/td>\n<\/tr>\n<tr>\n<td>BLC<\/td>\n<td colspan=\"8\">Support<\/td>\n<\/tr>\n<tr>\n<td>Defog<\/td>\n<td colspan=\"8\">Digital defog<\/td>\n<\/tr>\n<tr>\n<td class=\"thead\" colspan=\"9\">Events<b><\/b><\/td>\n<\/tr>\n<tr>\n<td>Basic Detection<\/td>\n<td colspan=\"8\">Cross line (based on human body detection), Intrusion (based on human body detection), Motion detection, Ultra motion detection, Tampering alarm, Audio detection<\/td>\n<\/tr>\n<tr>\n<td>General Function<\/td>\n<td colspan=\"8\">Watermark, IP address filtering, Access policy, ARP protection, RTSP authentication, User authentication<\/td>\n<\/tr>\n<tr>\n<td class=\"thead\" colspan=\"9\">Audio<b><\/b><\/td>\n<\/tr>\n<tr>\n<td>Audio Compression<\/td>\n<td colspan=\"8\">G.711U, G.711A<\/td>\n<\/tr>\n<tr>\n<td>Audio Bitrate<\/td>\n<td colspan=\"8\">64 Kbps<\/td>\n<\/tr>\n<tr>\n<td>Two-way Audio<\/td>\n<td colspan=\"8\">N\/A<\/td>\n<\/tr>\n<tr>\n<td>Suppression<\/td>\n<td colspan=\"8\">Support<\/td>\n<\/tr>\n<tr>\n<td>Sampling Rate<\/td>\n<td colspan=\"8\">8 kHz<\/td>\n<\/tr>\n<tr>\n<td class=\"thead\" colspan=\"9\">Storage<b><\/b><\/td>\n<\/tr>\n<tr>\n<td>Edge Storage<\/td>\n<td colspan=\"8\">MicroSD, up to 512 GB<\/td>\n<\/tr>\n<tr>\n<td>Network Storage<\/td>\n<td colspan=\"8\">ANR, NAS (NFS)<\/td>\n<\/tr>\n<tr>\n<td class=\"thead\" colspan=\"9\">Network<b><\/b><\/td>\n<\/tr>\n<tr>\n<td>Protocols<\/td>\n<td colspan=\"8\">IPv4, IGMP, ICMP, ARP, TCP, UDP, DHCP, RTP, RTSP, RTCP, RTMP, DNS, DDNS, NTP, FTP, UPnP, HTTP, HTTPS, SMTP, QoS, SSL\/TLS, 802.1x, SNMP<\/td>\n<\/tr>\n<tr>\n<td>Compatible Integration<\/td>\n<td colspan=\"8\">ONVIF (Profile S, Profile G, Profile T), API, SDK<\/td>\n<\/tr>\n<tr>\n<td>User\/Host<\/td>\n<td colspan=\"8\">Up to 32 users. 3 user levels: administrator, common user and operator<\/td>\n<\/tr>\n<tr>\n<td>Security<\/td>\n<td colspan=\"8\">Password Protection, Strong Password, HTTPS Encryption, Export Operation Logs, Basic and Digest Authentication for RTSP, Digest Authentication for HTTP, TLS 1.2, WSSE and Digest Authentication for ONVIF<\/td>\n<\/tr>\n<tr>\n<td>Client<\/td>\n<td colspan=\"8\">UNV-Link, UNV-Link Pro, EZStation<\/td>\n<\/tr>\n<tr>\n<td>Web Browser<\/td>\n<td colspan=\"8\">Plug-in required live view: IE 10+, Chrome 45+, Firefox 52+, Edge 79+, Plug-in free live view: Chrome 57+, Firefox 58+, Edge 16+<\/td>\n<\/tr>\n<tr>\n<td class=\"thead\" colspan=\"9\">Interface<b><\/b><\/td>\n<\/tr>\n<tr>\n<td>Audio I\/O<\/td>\n<td colspan=\"8\">N\/A<\/td>\n<\/tr>\n<tr>\n<td>Alarm I\/O<\/td>\n<td colspan=\"8\">N\/A<\/td>\n<\/tr>\n<tr>\n<td>Serial Port<\/td>\n<td colspan=\"8\">N\/A<\/td>\n<\/tr>\n<tr>\n<td>Built-in Mic<\/td>\n<td colspan=\"8\">Support<\/td>\n<\/tr>\n<tr>\n<td>Built-in Speaker<\/td>\n<td colspan=\"8\">N\/A<\/td>\n<\/tr>\n<tr>\n<td>WIFI<\/td>\n<td colspan=\"8\">N\/A<\/td>\n<\/tr>\n<tr>\n<td>Network<\/td>\n<td colspan=\"8\">1 \u00d7 RJ45 10 M\/100 M Base-TX Ethernet<\/td>\n<\/tr>\n<tr>\n<td>Video Output<\/td>\n<td colspan=\"8\">N\/A<\/td>\n<\/tr>\n<tr>\n<td class=\"thead\" colspan=\"9\">Certification<b><\/b><\/td>\n<\/tr>\n<tr>\n<td>EMC<\/td>\n<td colspan=\"8\">CE-EMC (EN 55032, EN 61000-3-3, EN IEC 61000-3-2, EN 55035)<br \/>\nFCC (FCC 47 CFR part15 B)<\/td>\n<\/tr>\n<tr>\n<td>Safety<\/td>\n<td colspan=\"8\">CE LVD (EN 62368-1)<br \/>\nUL\/CUL (UL 62368-1, CAN\/CSA C22.2 No. 62368-1)<\/td>\n<\/tr>\n<tr>\n<td>Environment<\/td>\n<td colspan=\"8\">CE-RoHS (2011\/65\/EU;(EU)2015\/863); WEEE (2012\/19\/EU)<\/td>\n<\/tr>\n<tr>\n<td>Protection<\/td>\n<td colspan=\"8\">IP67 (IEC 60529)<\/td>\n<\/tr>\n<tr>\n<td class=\"thead\" colspan=\"9\">General<b><\/b><\/td>\n<\/tr>\n<tr>\n<td>Power<\/td>\n<td colspan=\"8\">DC 12 V\u00b125%, PoE (IEEE 802.3af)<\/td>\n<\/tr>\n<tr>\n<td>Power Consumption<\/td>\n<td colspan=\"8\">Max. 5.6 W<\/td>\n<\/tr>\n<tr>\n<td>Power Interface<\/td>\n<td colspan=\"8\">\u00d85.5 mm coaxial power plug<\/td>\n<\/tr>\n<tr>\n<td>Dimensions<\/td>\n<td colspan=\"8\">190 mm \u00d7 73 mm \u00d7 71 mm (7.5&#8243; \u00d7 2.9&#8243; \u00d7 2.8&#8243;) (L \u00d7 W \u00d7 H)<\/td>\n<\/tr>\n<tr>\n<td>Weight<\/td>\n<td colspan=\"8\">0.40 kg (0.88 lb)<\/td>\n<\/tr>\n<tr>\n<td>Material<\/td>\n<td colspan=\"8\">Graphene + Metal<\/td>\n<\/tr>\n<tr>\n<td>Working Environment<\/td>\n<td colspan=\"8\">-30 \u2103 to 60 \u2103 (-22 \u2109 to 140 \u2109), Humidity: \u2264 95% RH (non-condensing)<\/td>\n<\/tr>\n<tr>\n<td>Storage Environment<\/td>\n<td colspan=\"8\">-30 \u2103 to 60 \u2103 (-22 \u2109 to 140 \u2109), Humidity: \u2264 95% RH (non-condensing)<\/td>\n<\/tr>\n<tr>\n<td>Surge Protection<\/td>\n<td colspan=\"8\">4 KV<\/td>\n<\/tr>\n<tr>\n<td>Reset Button<\/td>\n<td colspan=\"8\">Support<\/td>\n<\/tr>\n<tr>\n<td>Web Client Language<\/td>\n<td colspan=\"8\">13 Languages: English, Simplified Chinese, Polish, German, Russian, French, Korean, Dutch, Czech, Portuguese, Spanish, Spanish (Europe), Italian<\/td>\n<\/tr>\n<\/tbody>\n<\/table>\n","protected":false},"excerpt":{"rendered":"<p>Camera Max Resolution 5 MP Sensor 1\/2.7&#8243; CMOS Min. Illumination Color: 0.003 Lux (F1.6, AGC ON), 0 Lux with IR on Day\/Night IR-cut filter with auto switch (ICR) Shutter Auto\/Manual,<\/p>\n","protected":false},"featured_media":4231,"comment_status":"open","ping_status":"closed","template":"","meta":[],"product_brand":[],"product_cat":[245],"product_tag":[],"class_list":{"0":"post-4230","1":"product","2":"type-product","3":"status-publish","6":"product_cat-camera","8":"first","9":"instock","10":"shipping-taxable","11":"product-type-simple"},"_links":{"self":[{"href":"https:\/\/singlacomputers.com\/index.php\/wp-json\/wp\/v2\/product\/4230","targetHints":{"allow":["GET"]}}],"collection":[{"href":"https:\/\/singlacomputers.com\/index.php\/wp-json\/wp\/v2\/product"}],"about":[{"href":"https:\/\/singlacomputers.com\/index.php\/wp-json\/wp\/v2\/types\/product"}],"replies":[{"embeddable":true,"href":"https:\/\/singlacomputers.com\/index.php\/wp-json\/wp\/v2\/comments?post=4230"}],"wp:featuredmedia":[{"embeddable":true,"href":"https:\/\/singlacomputers.com\/index.php\/wp-json\/wp\/v2\/media\/4231"}],"wp:attachment":[{"href":"https:\/\/singlacomputers.com\/index.php\/wp-json\/wp\/v2\/media?parent=4230"}],"wp:term":[{"taxonomy":"product_brand","embeddable":true,"href":"https:\/\/singlacomputers.com\/index.php\/wp-json\/wp\/v2\/product_brand?post=4230"},{"taxonomy":"product_cat","embeddable":true,"href":"https:\/\/singlacomputers.com\/index.php\/wp-json\/wp\/v2\/product_cat?post=4230"},{"taxonomy":"product_tag","embeddable":true,"href":"https:\/\/singlacomputers.com\/index.php\/wp-json\/wp\/v2\/product_tag?post=4230"}],"curies":[{"name":"wp","href":"https:\/\/api.w.org\/{rel}","templated":true}]}}