{"id":4221,"date":"2025-09-18T11:42:16","date_gmt":"2025-09-18T11:42:16","guid":{"rendered":"https:\/\/singlacomputers.com\/?post_type=product&#038;p=4221"},"modified":"2025-09-18T11:53:56","modified_gmt":"2025-09-18T11:53:56","slug":"cctv-camera-ip-04mp-builet-1041-g2-liu","status":"publish","type":"product","link":"https:\/\/singlacomputers.com\/index.php\/product\/cctv-camera-ip-04mp-builet-1041-g2-liu\/","title":{"rendered":"Cctv Camera IP 04mp Builet 1041 G2-LIU"},"content":{"rendered":"<ul class=\"tech-specs-items-description\" data-target=\"Camera \">\n<li class=\"tech-specs-items-description-list\"><span class=\"tech-specs-items-description__title--heading\">Camera<\/span><\/li>\n<li class=\"tech-specs-items-description-list\"><span class=\"tech-specs-items-description__title\">Image Sensor<\/span><span class=\"tech-specs-items-description__title-details\">1\/2.8&#8243; Progressive Scan CMOS<\/span><\/li>\n<li class=\"tech-specs-items-description-list\"><span class=\"tech-specs-items-description__title\">Max. Resolution<\/span><span class=\"tech-specs-items-description__title-details\">2560 \u00d7 1440<\/span><\/li>\n<li class=\"tech-specs-items-description-list\"><span class=\"tech-specs-items-description__title\">Min. Illumination<\/span><span class=\"tech-specs-items-description__title-details\">Color: 0.01 Lux @ (F2.2, AGC ON),B\/W: 0 Lux with IR<\/span><\/li>\n<li class=\"tech-specs-items-description-list\"><span class=\"tech-specs-items-description__title\">Shutter Time<\/span><span class=\"tech-specs-items-description__title-details\">1\/3 s to 1\/100,000 s<\/span><\/li>\n<li class=\"tech-specs-items-description-list\"><span class=\"tech-specs-items-description__title\">Day &amp; Night<\/span><span class=\"tech-specs-items-description__title-details\">IR cut filter<\/span><\/li>\n<li class=\"tech-specs-items-description-list\"><span class=\"tech-specs-items-description__title\">Angle Adjustment<\/span><span class=\"tech-specs-items-description__title-details\">Pan: 0\u00b0 to 360\u00b0,tilt: 0\u00b0 to 90\u00b0,rotate: 0\u00b0 to 360\u00b0<\/span><\/li>\n<\/ul>\n<ul class=\"tech-specs-items-description\" data-target=\"Lens\">\n<li class=\"tech-specs-items-description-list\"><span class=\"tech-specs-items-description__title--heading\">Lens<\/span><\/li>\n<li class=\"tech-specs-items-description-list\"><span class=\"tech-specs-items-description__title\">Lens Type<\/span><span class=\"tech-specs-items-description__title-details\">Fixed focal lens, 2.8 and 4 mm optional<\/span><\/li>\n<li class=\"tech-specs-items-description-list\"><span class=\"tech-specs-items-description__title\">Focal Length &amp; FOV<\/span>\n<p class=\"mb-p\">2.8 mm, horizontal FOV 104\u00b0, vertical FOV 57\u00b0, diagonal FOV 123\u00b0<\/p>\n<p class=\"mb-p\">4 mm, horizontal FOV 82\u00b0, vertical FOV 45\u00b0, diagonal FOV 98\u00b0<\/p>\n<\/li>\n<li class=\"tech-specs-items-description-list\"><span class=\"tech-specs-items-description__title\">Lens Mount<\/span><span class=\"tech-specs-items-description__title-details\">M12<\/span><\/li>\n<li class=\"tech-specs-items-description-list\"><span class=\"tech-specs-items-description__title\">Iris Type<\/span><span class=\"tech-specs-items-description__title-details\">Fixed<\/span><\/li>\n<li class=\"tech-specs-items-description-list\"><span class=\"tech-specs-items-description__title\">Aperture<\/span><span class=\"tech-specs-items-description__title-details\">F2.2<\/span><\/li>\n<li class=\"tech-specs-items-description-list\"><span class=\"tech-specs-items-description__title\">Depth of Field<\/span>\n<p class=\"mb-p\">2.8 mm: 0.9 m to \u221e<\/p>\n<p class=\"mb-p\">4 mm: 1.1 m to \u221e<\/p>\n<\/li>\n<\/ul>\n<ul class=\"tech-specs-items-description\" data-target=\"DORI\">\n<li class=\"tech-specs-items-description-list\"><span class=\"tech-specs-items-description__title--heading\">DORI<\/span><\/li>\n<li class=\"tech-specs-items-description-list\"><span class=\"tech-specs-items-description__title\">DORI<\/span>\n<p class=\"mb-p\">2.8 mm, D: 53 m, O: 21 m, R: 10 m, I: 5 m<\/p>\n<p class=\"mb-p\">4 mm, D: 67 m, O: 26 m, R: 13 m, I: 6 m<\/p>\n<\/li>\n<\/ul>\n<ul class=\"tech-specs-items-description\" data-target=\"Illuminator\">\n<li class=\"tech-specs-items-description-list\"><span class=\"tech-specs-items-description__title--heading\">Illuminator<\/span><\/li>\n<li class=\"tech-specs-items-description-list\"><span class=\"tech-specs-items-description__title\">Supplement Light Type<\/span><span class=\"tech-specs-items-description__title-details\">IR,White Light<\/span><\/li>\n<li class=\"tech-specs-items-description-list\"><span class=\"tech-specs-items-description__title\">Supplement Light Range<\/span>\n<p class=\"mb-p\">IR: up to 20 m<\/p>\n<p class=\"mb-p\">White Light: up to 15 m<\/p>\n<\/li>\n<li class=\"tech-specs-items-description-list\"><span class=\"tech-specs-items-description__title\">Smart Supplement Light<\/span><span class=\"tech-specs-items-description__title-details\">Yes<\/span><\/li>\n<li class=\"tech-specs-items-description-list\"><span class=\"tech-specs-items-description__title\">IR Wavelength<\/span><span class=\"tech-specs-items-description__title-details\">850 nm<\/span><\/li>\n<\/ul>\n<ul class=\"tech-specs-items-description\" data-target=\"Video\">\n<li class=\"tech-specs-items-description-list\"><span class=\"tech-specs-items-description__title--heading\">Video<\/span><\/li>\n<li class=\"tech-specs-items-description-list\"><span class=\"tech-specs-items-description__title\">Main Stream<\/span>\n<p class=\"mb-p\">50 Hz:<\/p>\n<p class=\"mb-p\">20 fps (2560 \u00d7 1440),<\/p>\n<p class=\"mb-p\">25 fps (1920 \u00d7 1080, 1280 \u00d7 720)<\/p>\n<p class=\"mb-p\">60 Hz:<\/p>\n<p class=\"mb-p\">20 fps (2560 \u00d7 1440),<\/p>\n<p class=\"mb-p\">24 fps (1920 \u00d7 1080, 1280 \u00d7 720)<\/p>\n<\/li>\n<li class=\"tech-specs-items-description-list\"><span class=\"tech-specs-items-description__title\">Sub-Stream<\/span>\n<p class=\"mb-p\">50 Hz: 25 fps (1280 \u00d7 720, 640 \u00d7 480, 640 \u00d7 360)<\/p>\n<p class=\"mb-p\">60 Hz: 24 fps (1280 \u00d7 720, 640 \u00d7 480, 640 \u00d7 360)<\/p>\n<\/li>\n<li class=\"tech-specs-items-description-list\"><span class=\"tech-specs-items-description__title\">Video Compression<\/span>\n<p class=\"mb-p\">Main stream: H.265+\/H.265\/H.264+\/H.264,<\/p>\n<p class=\"mb-p\">Sub-stream: H.265\/H.264\/MJPEG<\/p>\n<\/li>\n<li class=\"tech-specs-items-description-list\"><span class=\"tech-specs-items-description__title\">Video Bit Rate<\/span><span class=\"tech-specs-items-description__title-details\">32 Kbps to 8 Mbps<\/span><\/li>\n<li class=\"tech-specs-items-description-list\"><span class=\"tech-specs-items-description__title\">H.264 Type<\/span><span class=\"tech-specs-items-description__title-details\">Baseline Profile,Main Profile,High Profile<\/span><\/li>\n<li class=\"tech-specs-items-description-list\"><span class=\"tech-specs-items-description__title\">H.265 Type<\/span><span class=\"tech-specs-items-description__title-details\">Main Profile<\/span><\/li>\n<li class=\"tech-specs-items-description-list\"><span class=\"tech-specs-items-description__title\">Bit Rate Control<\/span><span class=\"tech-specs-items-description__title-details\">CBR,VBR<\/span><\/li>\n<li class=\"tech-specs-items-description-list\"><span class=\"tech-specs-items-description__title\">Region of Interest (ROI)<\/span><span class=\"tech-specs-items-description__title-details\">1 fixed region for main stream<\/span><\/li>\n<\/ul>\n<ul class=\"tech-specs-items-description\" data-target=\"Audio\">\n<li class=\"tech-specs-items-description-list\"><span class=\"tech-specs-items-description__title--heading\">Audio<\/span><\/li>\n<li class=\"tech-specs-items-description-list\"><span class=\"tech-specs-items-description__title\">Audio Type<\/span><span class=\"tech-specs-items-description__title-details\">Mono sound<\/span><\/li>\n<li class=\"tech-specs-items-description-list\"><span class=\"tech-specs-items-description__title\">Environment Noise Filtering<\/span><span class=\"tech-specs-items-description__title-details\">Yes<\/span><\/li>\n<li class=\"tech-specs-items-description-list\"><span class=\"tech-specs-items-description__title\">Audio Sampling Rate<\/span><span class=\"tech-specs-items-description__title-details\">8 kHz\/16 kHz<\/span><\/li>\n<li class=\"tech-specs-items-description-list\"><span class=\"tech-specs-items-description__title\">Audio Compression<\/span><span class=\"tech-specs-items-description__title-details\">G.711ulaw\/AAC-LC<\/span><\/li>\n<li class=\"tech-specs-items-description-list\"><span class=\"tech-specs-items-description__title\">Audio Bit Rate<\/span><span class=\"tech-specs-items-description__title-details\">64 Kbps (G.711ulaw)\/16 to 64 Kbps (AAC-LC)<\/span><\/li>\n<\/ul>\n<ul class=\"tech-specs-items-description\" data-target=\"Network\">\n<li class=\"tech-specs-items-description-list\"><span class=\"tech-specs-items-description__title--heading\">Network<\/span><\/li>\n<li class=\"tech-specs-items-description-list\"><span class=\"tech-specs-items-description__title\">Protocols<\/span><span class=\"tech-specs-items-description__title-details\">TCP\/IP, ICMP, DHCP, DNS, HTTP, RTP, RTCP, RTSP, NTP, IGMP, IPv4, IPv6, UDP, QoS, SNMP, DDNS<\/span><\/li>\n<li class=\"tech-specs-items-description-list\"><span class=\"tech-specs-items-description__title\">API<\/span><span class=\"tech-specs-items-description__title-details\">ONVIF (Profile S, Profile T),ISAPI,SDK<\/span><\/li>\n<li class=\"tech-specs-items-description-list\"><span class=\"tech-specs-items-description__title\">Security<\/span><span class=\"tech-specs-items-description__title-details\">Password protection, complicated password, watermark, basic and digest authentication for HTTP, WSSE and digest authentication for Open Network Video Interface, security audit log, host authentication (MAC address)<\/span><\/li>\n<li class=\"tech-specs-items-description-list\"><span class=\"tech-specs-items-description__title\">Simultaneous Live View<\/span><span class=\"tech-specs-items-description__title-details\">Up to 6 channels<\/span><\/li>\n<li class=\"tech-specs-items-description-list\"><span class=\"tech-specs-items-description__title\">User\/Host<\/span>\n<p class=\"mb-p\">Up to 32 users<\/p>\n<p class=\"mb-p\">3 user levels: administrator, operator, and user<\/p>\n<\/li>\n<li class=\"tech-specs-items-description-list\"><span class=\"tech-specs-items-description__title\">Client<\/span><span class=\"tech-specs-items-description__title-details\">iVMS-4200,Hik-Connect<\/span><\/li>\n<li class=\"tech-specs-items-description-list\"><span class=\"tech-specs-items-description__title\">Web Browser<\/span><span class=\"tech-specs-items-description__title-details\">Local service: Chrome 80+, Firefox 80+, Edge 89+, IE 11<\/span><\/li>\n<\/ul>\n<ul class=\"tech-specs-items-description\" data-target=\"Image\">\n<li class=\"tech-specs-items-description-list\"><span class=\"tech-specs-items-description__title--heading\">Image<\/span><\/li>\n<li class=\"tech-specs-items-description-list\"><span class=\"tech-specs-items-description__title\">Image Settings<\/span><span class=\"tech-specs-items-description__title-details\">Saturation, brightness, contrast, sharpness, gain, white balance, adjustable by client software or web browser<\/span><\/li>\n<li class=\"tech-specs-items-description-list\"><span class=\"tech-specs-items-description__title\">Wide Dynamic Range (WDR)<\/span><span class=\"tech-specs-items-description__title-details\">Digital WDR<\/span><\/li>\n<li class=\"tech-specs-items-description-list\"><span class=\"tech-specs-items-description__title\">SNR<\/span><span class=\"tech-specs-items-description__title-details\">\u2265 52 dB<\/span><\/li>\n<li class=\"tech-specs-items-description-list\"><span class=\"tech-specs-items-description__title\">Privacy Mask<\/span><span class=\"tech-specs-items-description__title-details\">1 programmable polygon privacy mask<\/span><\/li>\n<li class=\"tech-specs-items-description-list\"><span class=\"tech-specs-items-description__title\">Day\/Night Switch<\/span><span class=\"tech-specs-items-description__title-details\">Day,Night,Auto,Schedule<\/span><\/li>\n<li class=\"tech-specs-items-description-list\"><span class=\"tech-specs-items-description__title\">Image Enhancement<\/span><span class=\"tech-specs-items-description__title-details\">BLC,HLC,3D DNR<\/span><\/li>\n<\/ul>\n<ul class=\"tech-specs-items-description\" data-target=\"Interface\">\n<li class=\"tech-specs-items-description-list\"><span class=\"tech-specs-items-description__title--heading\">Interface<\/span><\/li>\n<li class=\"tech-specs-items-description-list\"><span class=\"tech-specs-items-description__title\">Ethernet Interface<\/span><span class=\"tech-specs-items-description__title-details\">1 RJ45 10 M\/100 M self-adaptive Ethernet port<\/span><\/li>\n<li class=\"tech-specs-items-description-list\"><span class=\"tech-specs-items-description__title\">On-Board Storage<\/span>\n<p class=\"mb-p\">NA<\/p>\n<\/li>\n<li class=\"tech-specs-items-description-list\"><span class=\"tech-specs-items-description__title\">Built-in Microphone<\/span><span class=\"tech-specs-items-description__title-details\">Yes,1 built-in microphone<\/span><\/li>\n<li class=\"tech-specs-items-description-list\"><span class=\"tech-specs-items-description__title\">Reset Key<\/span>\n<p class=\"mb-p\">NA<\/p>\n<\/li>\n<\/ul>\n<ul class=\"tech-specs-items-description\" data-target=\"Event\">\n<li class=\"tech-specs-items-description-list\"><span class=\"tech-specs-items-description__title--heading\">Event<\/span><\/li>\n<li class=\"tech-specs-items-description-list\"><span class=\"tech-specs-items-description__title\">Basic Event<\/span><span class=\"tech-specs-items-description__title-details\">Motion detection (support alarm triggering by specified target type (human)), exception<\/span><\/li>\n<li class=\"tech-specs-items-description-list\"><span class=\"tech-specs-items-description__title\">Linkage<\/span><span class=\"tech-specs-items-description__title-details\">Send email, notify surveillance center, trigger capture<\/span><\/li>\n<\/ul>\n<ul class=\"tech-specs-items-description\" data-target=\"General\">\n<li class=\"tech-specs-items-description-list\"><span class=\"tech-specs-items-description__title--heading\">General<\/span><\/li>\n<li class=\"tech-specs-items-description-list\"><span class=\"tech-specs-items-description__title\">Power<\/span>\n<p class=\"mb-p\">12 VDC \u00b1 25%, 0.42 A, max. 5 W, \u00d85.5 mm coaxial power plug, reverse polarity protection,<\/p>\n<p class=\"mb-p\">PoE: IEEE 802.3af, Class 0, max. 6.5 W<\/p>\n<\/li>\n<li class=\"tech-specs-items-description-list\"><span class=\"tech-specs-items-description__title\">Material<\/span><span class=\"tech-specs-items-description__title-details\">Plastic<\/span><\/li>\n<li class=\"tech-specs-items-description-list\"><span class=\"tech-specs-items-description__title\">Dimension<\/span>\n<p class=\"mb-p\">138.8 mm \u00d7 60.9 mm \u00d7 57.9 mm (5.5 \u00d7 2.4\\&#8221; \u00d7 2.3\\&#8221;)&#8221;<\/p>\n<\/li>\n<li class=\"tech-specs-items-description-list\"><span class=\"tech-specs-items-description__title\">Package Dimension<\/span><span class=\"tech-specs-items-description__title-details\">163 mm \u00d7 75 mm \u00d7 75 mm (6.4&#8243; \u00d7 3.0&#8243; \u00d7 3.0&#8243;)<\/span><\/li>\n<li class=\"tech-specs-items-description-list\"><span class=\"tech-specs-items-description__title-details\">Approx. 175 g (0.4 lb.)<\/span><\/li>\n<li class=\"tech-specs-items-description-list\"><span class=\"tech-specs-items-description__title\">With Package Weight<\/span>\n<p class=\"mb-p\">Approx. 250 g (0.55 lb.)<\/p>\n<\/li>\n<li class=\"tech-specs-items-description-list\"><span class=\"tech-specs-items-description__title\">Storage Conditions<\/span><span class=\"tech-specs-items-description__title-details\">-30 \u00b0C to 45 \u00b0C (-22 \u00b0F to 113 \u00b0F). Humidity 95% or less (non-condensing)<\/span><\/li>\n<li class=\"tech-specs-items-description-list\"><span class=\"tech-specs-items-description__title\">Startup and Operating Conditions<\/span><span class=\"tech-specs-items-description__title-details\">-30 \u00b0C to 45 \u00b0C (-22 \u00b0F to 113 \u00b0F). Humidity 95% or less (non-condensing)<\/span><\/li>\n<li class=\"tech-specs-items-description-list\"><span class=\"tech-specs-items-description__title\">Language<\/span><span class=\"tech-specs-items-description__title-details\">English, Ukrainian<\/span><\/li>\n<li class=\"tech-specs-items-description-list\"><span class=\"tech-specs-items-description__title\">General Function<\/span><span class=\"tech-specs-items-description__title-details\">Heartbeat,anti-banding,mirror,password protection,password reset via email<\/span><\/li>\n<\/ul>\n<ul class=\"tech-specs-items-description\" data-target=\"Approval\">\n<li class=\"tech-specs-items-description-list\"><span class=\"tech-specs-items-description__title--heading\">Approval<\/span><\/li>\n<li class=\"tech-specs-items-description-list\"><span class=\"tech-specs-items-description__title\">EMC<\/span>\n<p class=\"mb-p\">CE-EMC: EN 55032:2015+A1:2020, EN 50130-4:2011+A1:2014, EN IEC 61000-3-2:2019+A1:2021, EN 61000-3-3:2013+A1:2019+A2:2021,<\/p>\n<p class=\"mb-p\">KC: KN32: 2015, KN35: 2015<\/p>\n<\/li>\n<li class=\"tech-specs-items-description-list\"><span class=\"tech-specs-items-description__title\">Safety<\/span>\n<p class=\"mb-p\">CB: IEC 62368-1: 2014+A11,<\/p>\n<p class=\"mb-p\">CE-LVD: EN 62368-1: 2014\/A11: 2017<\/p>\n<\/li>\n<li class=\"tech-specs-items-description-list\"><span class=\"tech-specs-items-description__title\">Environment<\/span>\n<p class=\"mb-p\">CE-RoHS: 2011\/65\/EU,<\/p>\n<p class=\"mb-p\">WEEE: 2012\/19\/EU,<\/p>\n<p class=\"mb-p\">Reach: Regulation (EC) No 1907\/2006<\/p>\n<\/li>\n<li class=\"tech-specs-items-description-list\"><span class=\"tech-specs-items-description__title\">Protection<\/span><span class=\"tech-specs-items-description__title-details\">IP67: IEC 60529-2013<\/span><\/li>\n<\/ul>\n","protected":false},"excerpt":{"rendered":"<p>Camera Image Sensor1\/2.8&#8243; Progressive Scan CMOS Max. Resolution2560 \u00d7 1440 Min. IlluminationColor: 0.01 Lux @ (F2.2, AGC ON),B\/W: 0 Lux with IR Shutter Time1\/3 s to 1\/100,000 s Day &amp;<\/p>\n","protected":false},"featured_media":4222,"comment_status":"open","ping_status":"closed","template":"","meta":[],"product_brand":[],"product_cat":[245,277],"product_tag":[],"class_list":{"0":"post-4221","1":"product","2":"type-product","3":"status-publish","6":"product_cat-camera","7":"product_cat-hikvision","9":"first","10":"instock","11":"taxable","12":"shipping-taxable","13":"product-type-simple"},"_links":{"self":[{"href":"https:\/\/singlacomputers.com\/index.php\/wp-json\/wp\/v2\/product\/4221","targetHints":{"allow":["GET"]}}],"collection":[{"href":"https:\/\/singlacomputers.com\/index.php\/wp-json\/wp\/v2\/product"}],"about":[{"href":"https:\/\/singlacomputers.com\/index.php\/wp-json\/wp\/v2\/types\/product"}],"replies":[{"embeddable":true,"href":"https:\/\/singlacomputers.com\/index.php\/wp-json\/wp\/v2\/comments?post=4221"}],"wp:featuredmedia":[{"embeddable":true,"href":"https:\/\/singlacomputers.com\/index.php\/wp-json\/wp\/v2\/media\/4222"}],"wp:attachment":[{"href":"https:\/\/singlacomputers.com\/index.php\/wp-json\/wp\/v2\/media?parent=4221"}],"wp:term":[{"taxonomy":"product_brand","embeddable":true,"href":"https:\/\/singlacomputers.com\/index.php\/wp-json\/wp\/v2\/product_brand?post=4221"},{"taxonomy":"product_cat","embeddable":true,"href":"https:\/\/singlacomputers.com\/index.php\/wp-json\/wp\/v2\/product_cat?post=4221"},{"taxonomy":"product_tag","embeddable":true,"href":"https:\/\/singlacomputers.com\/index.php\/wp-json\/wp\/v2\/product_tag?post=4221"}],"curies":[{"name":"wp","href":"https:\/\/api.w.org\/{rel}","templated":true}]}}