{"id":4205,"date":"2025-09-18T08:51:25","date_gmt":"2025-09-18T08:51:25","guid":{"rendered":"https:\/\/singlacomputers.com\/?post_type=product&#038;p=4205"},"modified":"2025-09-18T09:01:34","modified_gmt":"2025-09-18T09:01:34","slug":"cctv-camera-ip-04-mp-hickvsion-builet-star-1047","status":"publish","type":"product","link":"https:\/\/singlacomputers.com\/index.php\/product\/cctv-camera-ip-04-mp-hickvsion-builet-star-1047\/","title":{"rendered":"Cctv Camera IP 04 Mp Hickvsion Builet  Star 1047"},"content":{"rendered":"<ul class=\"tech-specs-items-description\" data-target=\"Camera \">\n<li class=\"tech-specs-items-description-list\"><span class=\"tech-specs-items-description__title--heading\">Camera<\/span><\/li>\n<li class=\"tech-specs-items-description-list\"><span class=\"tech-specs-items-description__title\">Image Sensor<\/span><span class=\"tech-specs-items-description__title-details \" data-spec-url=\"null\"><span class=\"at-action action-lazy\" data-at-module=\"Specification::spec_chart::1\/3\">1\/3&#8243; Progressive Scan CMOS<\/span><\/span><\/li>\n<li class=\"tech-specs-items-description-list\"><span class=\"tech-specs-items-description__title\">Max. Resolution<\/span><span class=\"tech-specs-items-description__title-details \" data-spec-url=\"null\"><span class=\"at-action action-lazy\" data-at-module=\"Specification::spec_chart::2560 \u00d7 1440\">2560 \u00d7 1440<\/span><\/span><\/li>\n<li class=\"tech-specs-items-description-list\"><span class=\"tech-specs-items-description__title\">Min. Illumination<\/span><span class=\"tech-specs-items-description__title-details \" data-spec-url=\"null\"><span class=\"at-action action-lazy\" data-at-module=\"Specification::spec_chart::Color: 0.001 Lux @ (F1.0, AGC ON),0 Lux with light\">Color: 0.001 Lux @ (F1.0, AGC ON),0 Lux with light<\/span><\/span><\/li>\n<li class=\"tech-specs-items-description-list\"><span class=\"tech-specs-items-description__title\">Shutter Time<\/span><span class=\"tech-specs-items-description__title-details \" data-spec-url=\"null\"><span class=\"at-action action-lazy\" data-at-module=\"Specification::spec_chart::1\/3 s to 1\/100,000 s\">1\/3 s to 1\/100,000 s<\/span><\/span><\/li>\n<li class=\"tech-specs-items-description-list\"><span class=\"tech-specs-items-description__title\">Day &amp; Night<\/span><span class=\"tech-specs-items-description__title-details \" data-spec-url=\"null\"><span class=\"at-action action-lazy\" data-at-module=\"Specification::spec_chart::24\/7 color imaging\">24\/7 color imaging<\/span><\/span><\/li>\n<li class=\"tech-specs-items-description-list\"><span class=\"tech-specs-items-description__title\">Angle Adjustment<\/span><span class=\"tech-specs-items-description__title-details \" data-spec-url=\"null\"><span class=\"at-action action-lazy\" data-at-module=\"Specification::spec_chart::Pan: 0\u00b0 to 360\u00b0,tilt: 0\u00b0 to 90\u00b0,rotate: 0\u00b0 to 360\u00b0 \">Pan: 0\u00b0 to 360\u00b0,tilt: 0\u00b0 to 90\u00b0,rotate: 0\u00b0 to 360\u00b0<\/span><\/span><\/li>\n<\/ul>\n<ul class=\"tech-specs-items-description\" data-target=\"Lens\">\n<li class=\"tech-specs-items-description-list\"><span class=\"tech-specs-items-description__title--heading\">Lens<\/span><\/li>\n<li class=\"tech-specs-items-description-list\"><span class=\"tech-specs-items-description__title\">Lens Type<\/span><span class=\"tech-specs-items-description__title-details \" data-spec-url=\"null\"><span class=\"at-action action-lazy\" data-at-module=\"Specification::spec_chart::Fixed focal lens, 2.8 and 4 mm optional\">Fixed focal lens, 2.8 and 4 mm optional<\/span><\/span><\/li>\n<li class=\"tech-specs-items-description-list\"><span class=\"tech-specs-items-description__title\">Focal Length &amp; FOV<\/span>\n<p class=\"mb-p\">2.8 mm, horizontal FOV: 96\u00b0, vertical FOV: 52\u00b0, diagonal FOV: 113\u00b0<\/p>\n<p class=\"mb-p\">4 mm, horizontal FOV: 75\u00b0, vertical FOV: 40\u00b0, diagonal FOV: 89\u00b0<\/p>\n<\/li>\n<li class=\"tech-specs-items-description-list\"><span class=\"tech-specs-items-description__title\">Lens Mount<\/span><span class=\"tech-specs-items-description__title-details \" data-spec-url=\"null\"><span class=\"at-action action-lazy\" data-at-module=\"Specification::spec_chart::M12\">M12<\/span><\/span><\/li>\n<li class=\"tech-specs-items-description-list\"><span class=\"tech-specs-items-description__title\">Iris Type<\/span><span class=\"tech-specs-items-description__title-details \" data-spec-url=\"null\"><span class=\"at-action action-lazy\" data-at-module=\"Specification::spec_chart::Fixed\">Fixed<\/span><\/span><\/li>\n<li class=\"tech-specs-items-description-list\"><span class=\"tech-specs-items-description__title\">Aperture<\/span><span class=\"tech-specs-items-description__title-details \" data-spec-url=\"null\"><span class=\"at-action action-lazy\" data-at-module=\"Specification::spec_chart::F1.0\">F1.0<\/span><\/span><\/li>\n<li class=\"tech-specs-items-description-list\"><span class=\"tech-specs-items-description__title\">Depth of Field<\/span>\n<p class=\"mb-p\">2.8 mm: 2 m to \u221e<\/p>\n<p class=\"mb-p\">4 mm: 2.7 m to \u221e<\/p>\n<\/li>\n<\/ul>\n<ul class=\"tech-specs-items-description\" data-target=\"DORI\">\n<li class=\"tech-specs-items-description-list\"><span class=\"tech-specs-items-description__title--heading\">DORI<\/span><\/li>\n<li class=\"tech-specs-items-description-list\"><span class=\"tech-specs-items-description__title\">DORI<\/span>\n<p class=\"mb-p\">2.8 mm, D: 64 m, O: 25 m, R: 12 m, I: 6 m<\/p>\n<p class=\"mb-p\">4 mm, D: 82 m, O: 32 m, R: 16 m, I: 8 m<\/p>\n<\/li>\n<\/ul>\n<ul class=\"tech-specs-items-description\" data-target=\"Illuminator\">\n<li class=\"tech-specs-items-description-list\"><span class=\"tech-specs-items-description__title--heading\">Illuminator<\/span><\/li>\n<li class=\"tech-specs-items-description-list\"><span class=\"tech-specs-items-description__title\">Supplement Light Type<\/span><span class=\"tech-specs-items-description__title-details \" data-spec-url=\"null\"><span class=\"at-action action-lazy\" data-at-module=\"Specification::spec_chart::White Light\">White Light<\/span><\/span><\/li>\n<li class=\"tech-specs-items-description-list\"><span class=\"tech-specs-items-description__title\">Supplement Light Range<\/span><span class=\"tech-specs-items-description__title-details \" data-spec-url=\"null\"><span class=\"at-action action-lazy\" data-at-module=\"Specification::spec_chart::Up to 30 m\">Up to 30 m<\/span><\/span><\/li>\n<li class=\"tech-specs-items-description-list\"><span class=\"tech-specs-items-description__title\">Smart Supplement Light<\/span><span class=\"tech-specs-items-description__title-details \" data-spec-url=\"null\"><span class=\"at-action action-lazy\" data-at-module=\"Specification::spec_chart::Yes\">Yes<\/span><\/span><\/li>\n<\/ul>\n<ul class=\"tech-specs-items-description\" data-target=\"Video\">\n<li class=\"tech-specs-items-description-list\"><span class=\"tech-specs-items-description__title--heading\">Video<\/span><\/li>\n<li class=\"tech-specs-items-description-list\"><span class=\"tech-specs-items-description__title\">Main Stream<\/span>\n<p class=\"mb-p\">50 Hz:<\/p>\n<p class=\"mb-p\">20 fps (2560 \u00d7 1440)<\/p>\n<p class=\"mb-p\">25 fps (1920 \u00d7 1080, 1280 \u00d7 720)<\/p>\n<p class=\"mb-p\">60 Hz:<\/p>\n<p class=\"mb-p\">20 fps (2560 \u00d7 1440)<\/p>\n<p class=\"mb-p\">24 fps (1920 \u00d7 1080, 1280 \u00d7 720)<\/p>\n<\/li>\n<li class=\"tech-specs-items-description-list\"><span class=\"tech-specs-items-description__title\">Sub-Stream<\/span>\n<p class=\"mb-p\">50 Hz: 25 fps (1280 \u00d7 720, 640 \u00d7 480, 640 \u00d7 360)<\/p>\n<p class=\"mb-p\">60 Hz: 24 fps (1280 \u00d7 720, 640 \u00d7 480, 640 \u00d7 360)<\/p>\n<p class=\"mb-p\">\n<\/li>\n<li class=\"tech-specs-items-description-list\"><span class=\"tech-specs-items-description__title\">Video Compression<\/span>\n<p class=\"mb-p\">Main stream: H.265+\/H.265\/H.264+\/H.264,<\/p>\n<p class=\"mb-p\">Sub-stream: H.265\/H.264\/MJPEG<\/p>\n<\/li>\n<li class=\"tech-specs-items-description-list\"><span class=\"tech-specs-items-description__title\">Video Bit Rate<\/span><span class=\"tech-specs-items-description__title-details \" data-spec-url=\"null\"><span class=\"at-action action-lazy\" data-at-module=\"Specification::spec_chart::32 Kbps to 8 Mbps\">32 Kbps to 8 Mbps<\/span><\/span><\/li>\n<li class=\"tech-specs-items-description-list\"><span class=\"tech-specs-items-description__title\">H.264 Type<\/span><span class=\"tech-specs-items-description__title-details \" data-spec-url=\"null\"><span class=\"at-action action-lazy\" data-at-module=\"Specification::spec_chart::Baseline Profile,Main Profile,High Profile\">Baseline Profile,Main Profile,High Profile<\/span><\/span><\/li>\n<li class=\"tech-specs-items-description-list\"><span class=\"tech-specs-items-description__title\">H.265 Type<\/span><span class=\"tech-specs-items-description__title-details \" data-spec-url=\"null\"><span class=\"at-action action-lazy\" data-at-module=\"Specification::spec_chart::Main Profile\">Main Profile<\/span><\/span><\/li>\n<li class=\"tech-specs-items-description-list\"><span class=\"tech-specs-items-description__title\">Bit Rate Control<\/span><span class=\"tech-specs-items-description__title-details \" data-spec-url=\"null\"><span class=\"at-action action-lazy\" data-at-module=\"Specification::spec_chart::CBR,VBR\">CBR,VBR<\/span><\/span><\/li>\n<li class=\"tech-specs-items-description-list\"><span class=\"tech-specs-items-description__title\">Region of Interest (ROI)<\/span><span class=\"tech-specs-items-description__title-details \" data-spec-url=\"null\"><span class=\"at-action action-lazy\" data-at-module=\"Specification::spec_chart::1 fixed region(s) for main stream\">1 fixed region(s) for main stream<\/span><\/span><\/li>\n<\/ul>\n<ul class=\"tech-specs-items-description\" data-target=\"Audio\">\n<li class=\"tech-specs-items-description-list\"><span class=\"tech-specs-items-description__title--heading\">Audio<\/span><\/li>\n<li class=\"tech-specs-items-description-list\"><span class=\"tech-specs-items-description__title\">Audio Type<\/span><span class=\"tech-specs-items-description__title-details \" data-spec-url=\"null\"><span class=\"at-action action-lazy\" data-at-module=\"Specification::spec_chart::-U: Mono sound\">-U: Mono sound<\/span><\/span><\/li>\n<li class=\"tech-specs-items-description-list\"><span class=\"tech-specs-items-description__title\">Environment Noise Filtering<\/span><span class=\"tech-specs-items-description__title-details \" data-spec-url=\"null\"><span class=\"at-action action-lazy\" data-at-module=\"Specification::spec_chart::-U: Yes\">-U: Yes<\/span><\/span><\/li>\n<li class=\"tech-specs-items-description-list\"><span class=\"tech-specs-items-description__title\">Audio Sampling Rate<\/span><span class=\"tech-specs-items-description__title-details \" data-spec-url=\"null\"><span class=\"at-action action-lazy\" data-at-module=\"Specification::spec_chart::-U: 8 kHz\/16 kHz\">-U: 8 kHz\/16 kHz<\/span><\/span><\/li>\n<li class=\"tech-specs-items-description-list\"><span class=\"tech-specs-items-description__title\">Audio Compression<\/span><span class=\"tech-specs-items-description__title-details \" data-spec-url=\"null\"><span class=\"at-action action-lazy\" data-at-module=\"Specification::spec_chart::-U: G.711ulaw\/G.711alaw\/G.722.1\/G.726\/MP2L2\/PCM\/AAC-LC\">-U: G.711ulaw\/G.711alaw\/G.722.1\/G.726\/MP2L2\/PCM\/AAC-LC<\/span><\/span><\/li>\n<li class=\"tech-specs-items-description-list\"><span class=\"tech-specs-items-description__title\">Audio Bit Rate<\/span><span class=\"tech-specs-items-description__title-details \" data-spec-url=\"null\"><span class=\"at-action action-lazy\" data-at-module=\"Specification::spec_chart::-U: 64 Kbps (G.711 ulaw)\/64 Kbps (G.711 alaw)\/16 Kbps (G.722.1)\/16 Kbps (G.726)\/32 to 160 Kbps (MP2L2)\/16 to 64 Kbps (AAC-LC)\">-U: 64 Kbps (G.711 ulaw)\/64 Kbps (G.711 alaw)\/16 Kbps (G.722.1)\/16 Kbps (G.726)\/32 to 160 Kbps (MP2L2)\/16 to 64 Kbps (AAC-LC)<\/span><\/span><\/li>\n<\/ul>\n<ul class=\"tech-specs-items-description\" data-target=\"Network\">\n<li class=\"tech-specs-items-description-list\"><span class=\"tech-specs-items-description__title--heading\">Network<\/span><\/li>\n<li class=\"tech-specs-items-description-list\"><span class=\"tech-specs-items-description__title\">Protocols<\/span><span class=\"tech-specs-items-description__title-details \" data-spec-url=\"null\"><span class=\"at-action action-lazy\" data-at-module=\"Specification::spec_chart::TCP\/IP, ICMP, DHCP, DNS, HTTP, RTP, RTSP, NTP, IGMP, IPv6, UDP, QoS, FTP, SMTP\">TCP\/IP, ICMP, DHCP, DNS, HTTP, RTP, RTSP, NTP, IGMP, IPv6, UDP, QoS, FTP, SMTP<\/span><\/span><\/li>\n<li class=\"tech-specs-items-description-list\"><span class=\"tech-specs-items-description__title\">Simultaneous Live View<\/span><span class=\"tech-specs-items-description__title-details \" data-spec-url=\"null\"><span class=\"at-action action-lazy\" data-at-module=\"Specification::spec_chart::Up to 6 channels\">Up to 6 channels<\/span><\/span><\/li>\n<li class=\"tech-specs-items-description-list\"><span class=\"tech-specs-items-description__title\">API<\/span><span class=\"tech-specs-items-description__title-details \" data-spec-url=\"null\"><span class=\"at-action action-lazy\" data-at-module=\"Specification::spec_chart::Open Network Video Interface (Profile S, Profile T, Profile G (only -F model supports)),ISAPI,SDK\">Open Network Video Interface (Profile S, Profile T, Profile G (only -F model supports)),ISAPI,SDK<\/span><\/span><\/li>\n<li class=\"tech-specs-items-description-list\"><span class=\"tech-specs-items-description__title\">User\/Host<\/span>\n<p class=\"mb-p\">Up to 32 users<\/p>\n<p class=\"mb-p\">3 user levels: administrator, operator, and user<\/p>\n<\/li>\n<li class=\"tech-specs-items-description-list\"><span class=\"tech-specs-items-description__title\">Security<\/span><span class=\"tech-specs-items-description__title-details \" data-spec-url=\"null\"><span class=\"at-action action-lazy\" data-at-module=\"Specification::spec_chart::Password protection, complicated password, watermark, basic and digest authentication for HTTP, WSSE and digest authentication for Open Network Video Interface, security audit log, host authentication (MAC address)\">Password protection, complicated password, watermark, basic and digest authentication for HTTP, WSSE and digest authentication for Open Network Video Interface, security audit log, host authentication (MAC address)<\/span><\/span><\/li>\n<li class=\"tech-specs-items-description-list\"><span class=\"tech-specs-items-description__title\">Client<\/span><span class=\"tech-specs-items-description__title-details \" data-spec-url=\"null\"><span class=\"at-action action-lazy\" data-at-module=\"Specification::spec_chart::iVMS-4200,Hik-Connect\">iVMS-4200,Hik-Connect<\/span><\/span><\/li>\n<li class=\"tech-specs-items-description-list\"><span class=\"tech-specs-items-description__title\">Web Browser<\/span>\n<p class=\"mb-p\">Plug-in required live view: IE 10, IE 11,<\/p>\n<p class=\"mb-p\">Local service: Chrome 57.0+, Firefox 52.0+<\/p>\n<\/li>\n<\/ul>\n<ul class=\"tech-specs-items-description\" data-target=\"Image\">\n<li class=\"tech-specs-items-description-list\"><span class=\"tech-specs-items-description__title--heading\">Image<\/span><\/li>\n<li class=\"tech-specs-items-description-list\"><span class=\"tech-specs-items-description__title\">Wide Dynamic Range (WDR)<\/span><span class=\"tech-specs-items-description__title-details \" data-spec-url=\"null\"><span class=\"at-action action-lazy\" data-at-module=\"Specification::spec_chart::120 dB\">120 dB<\/span><\/span><\/li>\n<li class=\"tech-specs-items-description-list\"><span class=\"tech-specs-items-description__title\">SNR<\/span><span class=\"tech-specs-items-description__title-details \" data-spec-url=\"null\"><span class=\"at-action action-lazy\" data-at-module=\"Specification::spec_chart::\u2265 52 dB\">\u2265 52 dB<\/span><\/span><\/li>\n<li class=\"tech-specs-items-description-list\"><span class=\"tech-specs-items-description__title\">Day\/Night Switch<\/span><span class=\"tech-specs-items-description__title-details \" data-spec-url=\"null\"><span class=\"at-action action-lazy\" data-at-module=\"Specification::spec_chart::Day,Night,Auto,Schedule\">Day,Night,Auto,Schedule<\/span><\/span><\/li>\n<li class=\"tech-specs-items-description-list\"><span class=\"tech-specs-items-description__title\">Image Enhancement<\/span><span class=\"tech-specs-items-description__title-details \" data-spec-url=\"null\"><span class=\"at-action action-lazy\" data-at-module=\"Specification::spec_chart::BLC,HLC,3D DNR\">BLC,HLC,3D DNR<\/span><\/span><\/li>\n<li class=\"tech-specs-items-description-list\"><span class=\"tech-specs-items-description__title\">Image Settings<\/span><span class=\"tech-specs-items-description__title-details \" data-spec-url=\"null\"><span class=\"at-action action-lazy\" data-at-module=\"Specification::spec_chart::Rotate mode,saturation,brightness,contrast,sharpness,gain,white balance,adjustable by client software or web browser\">Rotate mode,saturation,brightness,contrast,sharpness,gain,white balance,adjustable by client software or web browser<\/span><\/span><\/li>\n<li class=\"tech-specs-items-description-list\"><span class=\"tech-specs-items-description__title\">Privacy Mask<\/span><span class=\"tech-specs-items-description__title-details \" data-spec-url=\"null\"><span class=\"at-action action-lazy\" data-at-module=\"Specification::spec_chart::4 programmable polygon privacy masks\">4 programmable polygon privacy masks<\/span><\/span><\/li>\n<\/ul>\n<ul class=\"tech-specs-items-description\" data-target=\"Interface\">\n<li class=\"tech-specs-items-description-list\"><span class=\"tech-specs-items-description__title--heading\">Interface<\/span><\/li>\n<li class=\"tech-specs-items-description-list\"><span class=\"tech-specs-items-description__title\">Ethernet Interface<\/span><span class=\"tech-specs-items-description__title-details \" data-spec-url=\"null\"><span class=\"at-action action-lazy\" data-at-module=\"Specification::spec_chart::1 RJ45 10 M\/100 M self-adaptive Ethernet port\">1 RJ45 10 M\/100 M self-adaptive Ethernet port<\/span><\/span><\/li>\n<li class=\"tech-specs-items-description-list\"><span class=\"tech-specs-items-description__title\">On-Board Storage<\/span>\n<p class=\"mb-p\">Built-in memory card slot, support microSD\/microSDHC\/microSDXC card, up to 256 GB<\/p>\n<\/li>\n<li class=\"tech-specs-items-description-list\"><span class=\"tech-specs-items-description__title\">Built-in Microphone<\/span><span class=\"tech-specs-items-description__title-details \" data-spec-url=\"null\"><span class=\"at-action action-lazy\" data-at-module=\"Specification::spec_chart::-U: Yes\">-U: Yes<\/span><\/span><\/li>\n<li class=\"tech-specs-items-description-list\"><span class=\"tech-specs-items-description__title\">Reset Key<\/span><span class=\"tech-specs-items-description__title-details \" data-spec-url=\"null\"><span class=\"at-action action-lazy\" data-at-module=\"Specification::spec_chart::-F: Yes\">-F: Yes<\/span><\/span><\/li>\n<\/ul>\n<ul class=\"tech-specs-items-description\" data-target=\"Event\">\n<li class=\"tech-specs-items-description-list\"><span class=\"tech-specs-items-description__title--heading\">Event<\/span><\/li>\n<li class=\"tech-specs-items-description-list\"><span class=\"tech-specs-items-description__title\">Basic Event<\/span><span class=\"tech-specs-items-description__title-details \" data-spec-url=\"null\"><span class=\"at-action action-lazy\" data-at-module=\"Specification::spec_chart::Motion detection (support alarm triggering by specified target types (human and vehicle)),video tampering alarm,exception\">Motion detection (support alarm triggering by specified target types (human and vehicle)),video tampering alarm,exception<\/span><\/span><\/li>\n<li class=\"tech-specs-items-description-list\"><span class=\"tech-specs-items-description__title\">Linkage<\/span><span class=\"tech-specs-items-description__title-details \" data-spec-url=\"null\"><span class=\"at-action action-lazy\" data-at-module=\"Specification::spec_chart::Upload to FTP\/memory card (-F), notify surveillance center, send email, trigger recording (-F), trigger capture\">Upload to FTP\/memory card (-F), notify surveillance center, send email, trigger recording (-F), trigger capture<\/span><\/span><\/li>\n<\/ul>\n<ul class=\"tech-specs-items-description\" data-target=\"General\">\n<li class=\"tech-specs-items-description-list\"><span class=\"tech-specs-items-description__title--heading\">General<\/span><\/li>\n<li class=\"tech-specs-items-description-list\"><span class=\"tech-specs-items-description__title\">Power<\/span>\n<p class=\"mb-p\">12 VDC \u00b1 25%, 0.4 A, max. 5 W,\u00d85.5 mm coaxial power plug,<\/p>\n<p class=\"mb-p\">PoE: 802.3af, Class 3, 36 V to 57 V, 0.2 A to 0.15 A, max. 6.5 W<\/p>\n<\/li>\n<li class=\"tech-specs-items-description-list\"><span class=\"tech-specs-items-description__title\">Material<\/span><span class=\"tech-specs-items-description__title-details \" data-spec-url=\"null\"><span class=\"at-action action-lazy\" data-at-module=\"Specification::spec_chart::Aluminum alloy body\">Aluminum alloy body<\/span><\/span><\/li>\n<li class=\"tech-specs-items-description-list\"><span class=\"tech-specs-items-description__title\">Dimension<\/span>\n<p class=\"mb-p\">\u00d876.6 mm \u00d7 164.4 mm (\u00d83 \u00d7 6.5\\&#8221;)&#8221;<\/p>\n<\/li>\n<li class=\"tech-specs-items-description-list\"><span class=\"tech-specs-items-description__title\">Package Dimension<\/span><span class=\"tech-specs-items-description__title-details \" data-spec-url=\"null\"><span class=\"at-action action-lazy\" data-at-module=\"Specification::spec_chart::234 mm \u00d7 120 mm \u00d7 117 mm (9.2\">234 mm \u00d7 120 mm \u00d7 117 mm (9.2&#8243; \u00d7 4.7&#8243; \u00d7 4.6&#8243;)<\/span><\/span><\/li>\n<li class=\"tech-specs-items-description-list\"><span class=\"tech-specs-items-description__title\">Weight<\/span>\n<p class=\"mb-p\">-L: Approx. 410 g (0.9 lb.); -LUF: Approx. 430 g (0.9 lb.)<\/p>\n<\/li>\n<li class=\"tech-specs-items-description-list\"><span class=\"tech-specs-items-description__title\">With Package Weight<\/span>\n<p class=\"mb-p\">-L: Approx. 630 g (1.4 lb.); -LUF: Approx. 650 g (1.4 lb.)<\/p>\n<\/li>\n<li class=\"tech-specs-items-description-list\"><span class=\"tech-specs-items-description__title\">Storage Conditions<\/span><span class=\"tech-specs-items-description__title-details \" data-spec-url=\"null\"><span class=\"at-action action-lazy\" data-at-module=\"Specification::spec_chart::-30 \u00b0C to 60 \u00b0C (-22 \u00b0F to 140 \u00b0F). Humidity 95% or less (non-condensing)\">-30 \u00b0C to 60 \u00b0C (-22 \u00b0F to 140 \u00b0F). Humidity 95% or less (non-condensing)<\/span><\/span><\/li>\n<li class=\"tech-specs-items-description-list\"><span class=\"tech-specs-items-description__title\">Startup and Operating Conditions<\/span><span class=\"tech-specs-items-description__title-details \" data-spec-url=\"null\"><span class=\"at-action action-lazy\" data-at-module=\"Specification::spec_chart::-30 \u00b0C to 60 \u00b0C (-22 \u00b0F to 140 \u00b0F). Humidity 95% or less (non-condensing)\">-30 \u00b0C to 60 \u00b0C (-22 \u00b0F to 140 \u00b0F). Humidity 95% or less (non-condensing)<\/span><\/span><\/li>\n<li class=\"tech-specs-items-description-list\"><span class=\"tech-specs-items-description__title\">Language<\/span><span class=\"tech-specs-items-description__title-details \" data-spec-url=\"null\"><span class=\"at-action action-lazy\" data-at-module=\"Specification::spec_chart::English, Ukrainian\">English, Ukrainian<\/span><\/span><\/li>\n<li class=\"tech-specs-items-description-list\"><span class=\"tech-specs-items-description__title\">General Function<\/span><span class=\"tech-specs-items-description__title-details \" data-spec-url=\"null\"><span class=\"at-action action-lazy\" data-at-module=\"Specification::spec_chart::Heartbeat,anti-banding,mirror,password protection,password reset via email\">Heartbeat,anti-banding,mirror,password protection,password reset via email<\/span><\/span><\/li>\n<\/ul>\n<ul class=\"tech-specs-items-description\" data-target=\"Approval\">\n<li class=\"tech-specs-items-description-list\"><span class=\"tech-specs-items-description__title--heading\">Approval<\/span><\/li>\n<li class=\"tech-specs-items-description-list\"><span class=\"tech-specs-items-description__title\">EMC<\/span>\n<p class=\"mb-p\">FCC: 47 CFR Part 15, Subpart B,<\/p>\n<p class=\"mb-p\">CE-EMC: EN 55032: 2015, EN 61000-3-2:2019, EN 61000-3-3: 2013+A1:2019, EN 50130-4: 2011 +A1: 2014,<\/p>\n<p class=\"mb-p\">RCM: AS\/NZS CISPR 32: 2015,<\/p>\n<p class=\"mb-p\">KC: KN32: 2015, KN35: 2015<\/p>\n<\/li>\n<li class=\"tech-specs-items-description-list\"><span class=\"tech-specs-items-description__title\">Safety<\/span>\n<p class=\"mb-p\">UL: UL 62368-1,<\/p>\n<p class=\"mb-p\">CB: IEC 62368-1: 2014+A11,<\/p>\n<p class=\"mb-p\">CE-LVD: EN 62368-1: 2014\/A11: 2017,<\/p>\n<p class=\"mb-p\">BIS: IS 13252 (Part 1): 2010\/IEC 60950-1: 2005<\/p>\n<\/li>\n<li class=\"tech-specs-items-description-list\"><span class=\"tech-specs-items-description__title\">Environment<\/span>\n<p class=\"mb-p\">CE-RoHS: 2011\/65\/EU,<\/p>\n<p class=\"mb-p\">WEEE: 2012\/19\/EU,<\/p>\n<p class=\"mb-p\">Reach: Regulation (EC) No 1907\/2006<\/p>\n<\/li>\n<li class=\"tech-specs-items-description-list\"><span class=\"tech-specs-items-description__title\">Protection<\/span><span class=\"tech-specs-items-description__title-details \" data-spec-url=\"null\"><span class=\"at-action action-lazy\" data-at-module=\"Specification::spec_chart::IP67: IEC 60529-2013\">IP67: IEC 60529-2013<\/span><\/span><\/li>\n<\/ul>\n","protected":false},"excerpt":{"rendered":"<p>Camera Image Sensor1\/3&#8243; Progressive Scan CMOS Max. Resolution2560 \u00d7 1440 Min. IlluminationColor: 0.001 Lux @ (F1.0, AGC ON),0 Lux with light Shutter Time1\/3 s to 1\/100,000 s Day &amp; Night24\/7<\/p>\n","protected":false},"featured_media":4206,"comment_status":"open","ping_status":"closed","template":"","meta":[],"product_brand":[],"product_cat":[245,277],"product_tag":[],"class_list":{"0":"post-4205","1":"product","2":"type-product","3":"status-publish","6":"product_cat-camera","7":"product_cat-hikvision","9":"first","10":"instock","11":"taxable","12":"shipping-taxable","13":"product-type-simple"},"_links":{"self":[{"href":"https:\/\/singlacomputers.com\/index.php\/wp-json\/wp\/v2\/product\/4205","targetHints":{"allow":["GET"]}}],"collection":[{"href":"https:\/\/singlacomputers.com\/index.php\/wp-json\/wp\/v2\/product"}],"about":[{"href":"https:\/\/singlacomputers.com\/index.php\/wp-json\/wp\/v2\/types\/product"}],"replies":[{"embeddable":true,"href":"https:\/\/singlacomputers.com\/index.php\/wp-json\/wp\/v2\/comments?post=4205"}],"wp:featuredmedia":[{"embeddable":true,"href":"https:\/\/singlacomputers.com\/index.php\/wp-json\/wp\/v2\/media\/4206"}],"wp:attachment":[{"href":"https:\/\/singlacomputers.com\/index.php\/wp-json\/wp\/v2\/media?parent=4205"}],"wp:term":[{"taxonomy":"product_brand","embeddable":true,"href":"https:\/\/singlacomputers.com\/index.php\/wp-json\/wp\/v2\/product_brand?post=4205"},{"taxonomy":"product_cat","embeddable":true,"href":"https:\/\/singlacomputers.com\/index.php\/wp-json\/wp\/v2\/product_cat?post=4205"},{"taxonomy":"product_tag","embeddable":true,"href":"https:\/\/singlacomputers.com\/index.php\/wp-json\/wp\/v2\/product_tag?post=4205"}],"curies":[{"name":"wp","href":"https:\/\/api.w.org\/{rel}","templated":true}]}}