{"id":3975,"date":"2025-09-13T08:26:44","date_gmt":"2025-09-13T08:26:44","guid":{"rendered":"https:\/\/singlacomputers.com\/?post_type=product&#038;p=3975"},"modified":"2025-09-13T08:34:06","modified_gmt":"2025-09-13T08:34:06","slug":"cctv-camera-2cd3t46g2-isu-4-mp","status":"publish","type":"product","link":"https:\/\/singlacomputers.com\/index.php\/product\/cctv-camera-2cd3t46g2-isu-4-mp\/","title":{"rendered":"Cctv Camera 2CD3T46G2-ISU 4 Mp"},"content":{"rendered":"<table style=\"height: 11px;\" width=\"5\">\n<tbody>\n<tr>\n<td width=\"382\"><\/td>\n<\/tr>\n<\/tbody>\n<\/table>\n<ul class=\"tech-specs-items-description\" data-target=\"Camera \">\n<li class=\"tech-specs-items-description-list\"><span class=\"tech-specs-items-description__title--heading\">Camera<\/span><\/li>\n<li class=\"tech-specs-items-description-list\"><span class=\"tech-specs-items-description__title\">Image Sensor<\/span><span class=\"tech-specs-items-description__title-details\">1\/3&#8243; Progressive Scan CMOS<\/span><\/li>\n<li class=\"tech-specs-items-description-list\"><span class=\"tech-specs-items-description__title\">Max. Resolution<\/span><span class=\"tech-specs-items-description__title-details\">2688 \u00d7 1520<\/span><\/li>\n<li class=\"tech-specs-items-description-list\"><span class=\"tech-specs-items-description__title\">Min. Illumination<\/span><span class=\"tech-specs-items-description__title-details\">Color: 0.003 Lux @ (F1.4, AGC ON),B\/W: 0 Lux with IR<\/span><\/li>\n<li class=\"tech-specs-items-description-list\"><span class=\"tech-specs-items-description__title\">Shutter Time<\/span><span class=\"tech-specs-items-description__title-details\">1\/3 s to 1\/100,000 s<\/span><\/li>\n<li class=\"tech-specs-items-description-list\"><span class=\"tech-specs-items-description__title\">Day &amp; Night<\/span><span class=\"tech-specs-items-description__title-details\">IR cut filter<\/span><\/li>\n<li class=\"tech-specs-items-description-list\"><span class=\"tech-specs-items-description__title\">Angle Adjustment<\/span><span class=\"tech-specs-items-description__title-details\">Pan: 0\u00b0 to 360\u00b0,tilt: 0\u00b0 to 90\u00b0,rotate: 0\u00b0 to 360\u00b0<\/span><\/li>\n<\/ul>\n<ul class=\"tech-specs-items-description\" data-target=\"Lens\">\n<li class=\"tech-specs-items-description-list\"><span class=\"tech-specs-items-description__title--heading\">Lens<\/span><\/li>\n<li class=\"tech-specs-items-description-list\"><span class=\"tech-specs-items-description__title\">Lens Type<\/span><span class=\"tech-specs-items-description__title-details\">Fixed focal lens, 2.8, 4, and 6 mm optional<\/span><\/li>\n<li class=\"tech-specs-items-description-list\"><span class=\"tech-specs-items-description__title\">Focal Length &amp; FOV<\/span>\n<p class=\"mb-p\">2.8 mm, horizontal FOV 101\u00b0, vertical FOV 54\u00b0, diagonal FOV 122\u00b0<\/p>\n<p class=\"mb-p\">4 mm, horizontal FOV 84\u00b0, vertical FOV 45\u00b0, diagonal FOV 99\u00b0<\/p>\n<p class=\"mb-p\">6 mm, horizontal FOV 53\u00b0, vertical FOV 28\u00b0, diagonal FOV 64\u00b0<\/p>\n<\/li>\n<li class=\"tech-specs-items-description-list\"><span class=\"tech-specs-items-description__title\">Lens Mount<\/span><span class=\"tech-specs-items-description__title-details\">M12<\/span><\/li>\n<li class=\"tech-specs-items-description-list\"><span class=\"tech-specs-items-description__title\">Iris Type<\/span><span class=\"tech-specs-items-description__title-details\">Fixed<\/span><\/li>\n<li class=\"tech-specs-items-description-list\"><span class=\"tech-specs-items-description__title\">Aperture<\/span><span class=\"tech-specs-items-description__title-details\">F1.4<\/span><\/li>\n<\/ul>\n<ul class=\"tech-specs-items-description\" data-target=\"DORI\">\n<li class=\"tech-specs-items-description-list\"><span class=\"tech-specs-items-description__title--heading\">DORI<\/span><\/li>\n<li class=\"tech-specs-items-description-list\"><span class=\"tech-specs-items-description__title\">DORI<\/span>\n<p class=\"mb-p\">2.8 mm: D: 63 m, O: 25 m, R: 12 m, I: 6 m<\/p>\n<p class=\"mb-p\">4 mm: D: 77 m, O: 30 m, R: 15 m, I: 7 m<\/p>\n<p class=\"mb-p\">6 mm: D: 126 m, O: 50 m, R: 25 m, I: 12 m<\/p>\n<\/li>\n<\/ul>\n<ul class=\"tech-specs-items-description\" data-target=\"Illuminator\">\n<li class=\"tech-specs-items-description-list\"><span class=\"tech-specs-items-description__title--heading\">Illuminator<\/span><\/li>\n<li class=\"tech-specs-items-description-list\"><span class=\"tech-specs-items-description__title\">Supplement Light Type<\/span><span class=\"tech-specs-items-description__title-details\">IR<\/span><\/li>\n<li class=\"tech-specs-items-description-list\"><span class=\"tech-specs-items-description__title\">Supplement Light Range<\/span><span class=\"tech-specs-items-description__title-details\">Up to 60 m<\/span><\/li>\n<li class=\"tech-specs-items-description-list\"><span class=\"tech-specs-items-description__title\">Smart Supplement Light<\/span><span class=\"tech-specs-items-description__title-details\">Yes<\/span><\/li>\n<li class=\"tech-specs-items-description-list\"><span class=\"tech-specs-items-description__title\">IR Wavelength<\/span><span class=\"tech-specs-items-description__title-details\">850 nm<\/span><\/li>\n<\/ul>\n<ul class=\"tech-specs-items-description\" data-target=\"HEOP\">\n<li class=\"tech-specs-items-description-list\"><span class=\"tech-specs-items-description__title--heading\">HEOP<\/span><\/li>\n<li class=\"tech-specs-items-description-list\"><span class=\"tech-specs-items-description__title\">Open Resources<\/span>\n<p class=\"mb-p\">Memory: 60 MB,<\/p>\n<p class=\"mb-p\">Smart RAM: 400 MB,<\/p>\n<p class=\"mb-p\">eMMC: 2 GB<\/p>\n<\/li>\n<li class=\"tech-specs-items-description-list\"><span class=\"tech-specs-items-description__title\">Computing Power<\/span><span class=\"tech-specs-items-description__title-details\">1.5 TOPS<\/span><\/li>\n<li class=\"tech-specs-items-description-list\"><span class=\"tech-specs-items-description__title\">Open Capability<\/span><span class=\"tech-specs-items-description__title-details\">HEOP 2.0 OpendevSDK<\/span><\/li>\n<li class=\"tech-specs-items-description-list\"><span class=\"tech-specs-items-description__title\">Deep Learning Structure<\/span><span class=\"tech-specs-items-description__title-details\">Caffe,PyTorch,TensorFlow,PaddlePaddle, ONNX<\/span><\/li>\n<li class=\"tech-specs-items-description-list\"><span class=\"tech-specs-items-description__title\">Programming Language<\/span><span class=\"tech-specs-items-description__title-details\">C,C++<\/span><\/li>\n<\/ul>\n<ul class=\"tech-specs-items-description\" data-target=\"Video\">\n<li class=\"tech-specs-items-description-list\"><span class=\"tech-specs-items-description__title--heading\">Video<\/span><\/li>\n<li class=\"tech-specs-items-description-list\"><span class=\"tech-specs-items-description__title\">Main Stream<\/span>\n<p class=\"mb-p\">50 Hz: 25 fps (2688 \u00d7 1520, 1920 \u00d7 1080, 1280 \u00d7 720)<\/p>\n<p class=\"mb-p\">60 Hz: 30 fps (2688 \u00d7 1520, 1920 \u00d7 1080, 1280 \u00d7 720)<\/p>\n<\/li>\n<li class=\"tech-specs-items-description-list\"><span class=\"tech-specs-items-description__title\">Sub-Stream<\/span>\n<p class=\"mb-p\">50 Hz: 25 fps (1280 \u00d7 720, 640 \u00d7 480, 640 \u00d7 360)<\/p>\n<p class=\"mb-p\">60 Hz: 30 fps (1280 \u00d7 720, 640 \u00d7 480, 640 \u00d7 360)<\/p>\n<\/li>\n<li class=\"tech-specs-items-description-list\"><span class=\"tech-specs-items-description__title\">Third Stream<\/span>\n<p class=\"mb-p\">50 Hz: 10 fps (1920 \u00d7 1080, 1280 \u00d7 720, 640 \u00d7 480, 640 \u00d7 360)<\/p>\n<p class=\"mb-p\">60 Hz: 10 fps (1920 \u00d7 1080, 1280 \u00d7 720, 640 \u00d7 480, 640 \u00d7 360)<\/p>\n<\/li>\n<li class=\"tech-specs-items-description-list\"><span class=\"tech-specs-items-description__title\">Fourth Stream<\/span>\n<p class=\"mb-p\">50 Hz: 10 fps (1280 \u00d7 720, 640 \u00d7 480, 640 \u00d7 360)<\/p>\n<p class=\"mb-p\">60 Hz: 10 fps (1280 \u00d7 720, 640 \u00d7 480, 640 \u00d7 360)<\/p>\n<\/li>\n<li class=\"tech-specs-items-description-list\"><span class=\"tech-specs-items-description__title\">Video Compression<\/span>\n<p class=\"mb-p\">Main stream: H.265\/H.264\/H.264+\/H.265+,<\/p>\n<p class=\"mb-p\">Sub-stream: H.265\/H.264\/MJPEG,<\/p>\n<p class=\"mb-p\">Third stream: H.265\/H.264,<\/p>\n<p class=\"mb-p\">Fourth stream: H.265\/H.264\/MJPEG<\/p>\n<\/li>\n<li class=\"tech-specs-items-description-list\"><span class=\"tech-specs-items-description__title\">Video Bit Rate<\/span><span class=\"tech-specs-items-description__title-details\">32 Kbps to 8 Mbps<\/span><\/li>\n<li class=\"tech-specs-items-description-list\"><span class=\"tech-specs-items-description__title\">H.264 Type<\/span><span class=\"tech-specs-items-description__title-details\">Baseline Profile,Main Profile,High Profile<\/span><\/li>\n<li class=\"tech-specs-items-description-list\"><span class=\"tech-specs-items-description__title\">H.265 Type<\/span><span class=\"tech-specs-items-description__title-details\">Main Profile<\/span><\/li>\n<li class=\"tech-specs-items-description-list\"><span class=\"tech-specs-items-description__title\">Bit Rate Control<\/span><span class=\"tech-specs-items-description__title-details\">CBR,VBR<\/span><\/li>\n<li class=\"tech-specs-items-description-list\"><span class=\"tech-specs-items-description__title\">Scalable Video Coding (SVC)<\/span><span class=\"tech-specs-items-description__title-details\">H.264 and H.265 encoding<\/span><\/li>\n<li class=\"tech-specs-items-description-list\"><span class=\"tech-specs-items-description__title\">Region of Interest (ROI)<\/span><span class=\"tech-specs-items-description__title-details\">5 fixed regions for main stream and sub-stream<\/span><\/li>\n<li class=\"tech-specs-items-description-list\"><span class=\"tech-specs-items-description__title\">Target Cropping<\/span><span class=\"tech-specs-items-description__title-details\">Yes<\/span><\/li>\n<li class=\"tech-specs-items-description-list\"><span class=\"tech-specs-items-description__title\">e-PTZ<\/span><span class=\"tech-specs-items-description__title-details\">Support Patrol and Auto Tracking settings<\/span><\/li>\n<\/ul>\n<ul class=\"tech-specs-items-description\" data-target=\"Audio\">\n<li class=\"tech-specs-items-description-list\"><span class=\"tech-specs-items-description__title--heading\">Audio<\/span><\/li>\n<li class=\"tech-specs-items-description-list\"><span class=\"tech-specs-items-description__title\">Audio Compression<\/span><span class=\"tech-specs-items-description__title-details\">G.711\/G.722.1\/G.726\/MP2L2\/PCM\/MP3\/AAC-LC<\/span><\/li>\n<li class=\"tech-specs-items-description-list\"><span class=\"tech-specs-items-description__title\">Audio Bit Rate<\/span><span class=\"tech-specs-items-description__title-details\">64 Kbps (G.711ulaw\/G.711alaw)\/16 Kbps (G.722.1)\/16 Kbps (G.726)\/32 to 192 Kbps (MP2L2)\/8 to 320 Kbps (MP3)\/16 to 64 Kbps (AAC-LC)<\/span><\/li>\n<li class=\"tech-specs-items-description-list\"><span class=\"tech-specs-items-description__title\">Audio Sampling Rate<\/span><span class=\"tech-specs-items-description__title-details\">8 kHz\/16 kHz\/32 kHz\/44.1 kHz\/48 kHz<\/span><\/li>\n<li class=\"tech-specs-items-description-list\"><span class=\"tech-specs-items-description__title\">Environment Noise Filtering<\/span><span class=\"tech-specs-items-description__title-details\">Yes<\/span><\/li>\n<\/ul>\n<ul class=\"tech-specs-items-description\" data-target=\"Network\">\n<li class=\"tech-specs-items-description-list\"><span class=\"tech-specs-items-description__title--heading\">Network<\/span><\/li>\n<li class=\"tech-specs-items-description-list\"><span class=\"tech-specs-items-description__title\">Protocols<\/span><span class=\"tech-specs-items-description__title-details\">TCP\/IP, ICMP, HTTP, HTTPS, FTP, DHCP, DNS, DDNS, RTP, RTSP, NTP, UPnP, SMTP, IGMP, 802.1X, QoS, IPv4, IPv6, UDP, Bonjour, SSL\/TLS, PPPoE, SFTP, ARP, SNMP, WebSocket, WebSockets, SRTP<\/span><\/li>\n<li class=\"tech-specs-items-description-list\"><span class=\"tech-specs-items-description__title\">Simultaneous Live View<\/span><span class=\"tech-specs-items-description__title-details\">Up to 6 channels<\/span><\/li>\n<li class=\"tech-specs-items-description-list\"><span class=\"tech-specs-items-description__title\">API<\/span><span class=\"tech-specs-items-description__title-details\">ONVIF (Profile S, Profile G, Profile T),ISAPI,SDK,ISUP<\/span><\/li>\n<li class=\"tech-specs-items-description-list\"><span class=\"tech-specs-items-description__title\">User\/Host<\/span>\n<p class=\"mb-p\">Up to 32 users<\/p>\n<p class=\"mb-p\">3 user levels: administrator, operator, and user<\/p>\n<\/li>\n<li class=\"tech-specs-items-description-list\"><span class=\"tech-specs-items-description__title\">Security<\/span><span class=\"tech-specs-items-description__title-details\">Password protection, complicated password, HTTPS encryption, 802.1X authentication (EAP-TLS, EAP-LEAP, EAP-MD5), watermark, IP address filter, basic and digest authentication for HTTP\/HTTPS, WSSE and digest authentication for Open Network Video Interface, RTP\/RTSP over HTTPS, control timeout settings, security audit log, TLS 1.1\/1.2\/1.3, host authentication (MAC address)<\/span><\/li>\n<li class=\"tech-specs-items-description-list\"><span class=\"tech-specs-items-description__title\">Network Storage<\/span>\n<p class=\"mb-p\">NAS (NFS, SMB\/CIFS),Auto Network Replenishment (ANR),<\/p>\n<p class=\"mb-p\">Together with high-end Hikvision memory card, memory card encryption and health detection are supported.<\/p>\n<\/li>\n<li class=\"tech-specs-items-description-list\"><span class=\"tech-specs-items-description__title\">Client<\/span><span class=\"tech-specs-items-description__title-details\">iVMS-4200,Hik-Connect,Hik-Central<\/span><\/li>\n<li class=\"tech-specs-items-description-list\"><span class=\"tech-specs-items-description__title\">Web Browser<\/span>\n<p class=\"mb-p\">Plug-in required live view: IE 10, IE 11,<\/p>\n<p class=\"mb-p\">Plug-in free live view: Chrome 57.0+, Firefox 52.0+, Edge 89+,<\/p>\n<p class=\"mb-p\">Local service: Chrome 57.0+, Firefox 52.0+, Edge 89+<\/p>\n<\/li>\n<\/ul>\n<ul class=\"tech-specs-items-description\" data-target=\"Image\">\n<li class=\"tech-specs-items-description-list\"><span class=\"tech-specs-items-description__title--heading\">Image<\/span><\/li>\n<li class=\"tech-specs-items-description-list\"><span class=\"tech-specs-items-description__title\">Image Parameters Switch<\/span><span class=\"tech-specs-items-description__title-details\">Yes<\/span><\/li>\n<li class=\"tech-specs-items-description-list\"><span class=\"tech-specs-items-description__title\">Image Settings<\/span><span class=\"tech-specs-items-description__title-details\">Rotate mode,saturation,brightness,contrast,sharpness,gain,white balance,adjustable by client software or web browser<\/span><\/li>\n<li class=\"tech-specs-items-description-list\"><span class=\"tech-specs-items-description__title\">Day\/Night Switch<\/span><span class=\"tech-specs-items-description__title-details\">Day,Night,Auto,Schedule<\/span><\/li>\n<li class=\"tech-specs-items-description-list\"><span class=\"tech-specs-items-description__title\">Wide Dynamic Range (WDR)<\/span><span class=\"tech-specs-items-description__title-details\">120 dB<\/span><\/li>\n<li class=\"tech-specs-items-description-list\"><span class=\"tech-specs-items-description__title\">Image Enhancement<\/span><span class=\"tech-specs-items-description__title-details\">BLC,HLC,3D DNR,Defog<\/span><\/li>\n<li class=\"tech-specs-items-description-list\"><span class=\"tech-specs-items-description__title\">SNR<\/span><span class=\"tech-specs-items-description__title-details\">\u2265 52 dB<\/span><\/li>\n<li class=\"tech-specs-items-description-list\"><span class=\"tech-specs-items-description__title\">Privacy Mask<\/span><span class=\"tech-specs-items-description__title-details\">4 programmable polygon privacy masks<\/span><\/li>\n<\/ul>\n<ul class=\"tech-specs-items-description\" data-target=\"Interface\">\n<li class=\"tech-specs-items-description-list\"><span class=\"tech-specs-items-description__title--heading\">Interface<\/span><\/li>\n<li class=\"tech-specs-items-description-list\"><span class=\"tech-specs-items-description__title\">Ethernet Interface<\/span><span class=\"tech-specs-items-description__title-details\">1 RJ45 10 M\/100 M self-adaptive Ethernet port<\/span><\/li>\n<li class=\"tech-specs-items-description-list\"><span class=\"tech-specs-items-description__title\">On-Board Storage<\/span><span class=\"tech-specs-items-description__title-details\">Built-in memory card slot, support microSD\/microSDHC\/microSDXC card, up to 512 GB<\/span><\/li>\n<li class=\"tech-specs-items-description-list\"><span class=\"tech-specs-items-description__title\">Alarm<\/span><span class=\"tech-specs-items-description__title-details\">Visual alarm,2 inputs, 2 outputs (max. 24 VDC\/24 VAC, 1 A)<\/span><\/li>\n<li class=\"tech-specs-items-description-list\"><span class=\"tech-specs-items-description__title\">Built-in Microphone<\/span><span class=\"tech-specs-items-description__title-details\">Yes<\/span><\/li>\n<li class=\"tech-specs-items-description-list\"><span class=\"tech-specs-items-description__title\">Built-in Speaker<\/span><span class=\"tech-specs-items-description__title-details\">Max. power consumption: 2 W, max. sound pressure level: 10 cm: 97 dB.<\/span><\/li>\n<li class=\"tech-specs-items-description-list\"><span class=\"tech-specs-items-description__title\">Reset Key<\/span><span class=\"tech-specs-items-description__title-details\">Yes<\/span><\/li>\n<li class=\"tech-specs-items-description-list\"><span class=\"tech-specs-items-description__title\">Audio<\/span>\n<p class=\"mb-p\">1 input (line in), two-core terminal block, max. input amplitude: 3.3 Vpp, input impedance: 4.7 K\u03a9, interface type: non-equilibrium,<\/p>\n<p class=\"mb-p\">1 output (line out), two-core terminal block, max. output amplitude: 3.3 Vpp, output impedance: 100 \u03a9, interface type: non-equilibrium<\/p>\n<\/li>\n<\/ul>\n<ul class=\"tech-specs-items-description\" data-target=\"Event\">\n<li class=\"tech-specs-items-description-list\"><span class=\"tech-specs-items-description__title--heading\">Event<\/span><\/li>\n<li class=\"tech-specs-items-description-list\"><span class=\"tech-specs-items-description__title\">Basic Event<\/span><span class=\"tech-specs-items-description__title-details\">Motion detection (support alarm triggering by specified target types (human and vehicle)),video tampering alarm,exception<\/span><\/li>\n<li class=\"tech-specs-items-description-list\"><span class=\"tech-specs-items-description__title\">Smart Event<\/span><span class=\"tech-specs-items-description__title-details\">scene change detection,audio exception detection,defocus detection, unattended baggage detection,object removal detection<\/span><\/li>\n<li class=\"tech-specs-items-description-list\"><span class=\"tech-specs-items-description__title\">Linkage<\/span><span class=\"tech-specs-items-description__title-details\">Upload to FTP\/NAS\/memory card,notify surveillance center,send email,trigger alarm output,trigger recording,trigger capture,audible warning,white light flashing<\/span><\/li>\n<\/ul>\n<ul class=\"tech-specs-items-description\" data-target=\"Deep Learning Function\">\n<li class=\"tech-specs-items-description-list\"><span class=\"tech-specs-items-description__title--heading\">Deep Learning Function<\/span><\/li>\n<li class=\"tech-specs-items-description-list\"><span class=\"tech-specs-items-description__title\">Perimeter Protection<\/span>\n<p class=\"mb-p\">Line crossing, intrusion, region entrance, region exiting<\/p>\n<p class=\"mb-p\">Support alarm triggering by specified target types (human and vehicle)<\/p>\n<\/li>\n<li class=\"tech-specs-items-description-list\"><span class=\"tech-specs-items-description__title\">Face Capture<\/span><span class=\"tech-specs-items-description__title-details\">Yes<\/span><\/li>\n<li class=\"tech-specs-items-description-list\"><span class=\"tech-specs-items-description__title\">People Counting<\/span><span class=\"tech-specs-items-description__title-details\">Yes<\/span><\/li>\n<\/ul>\n<ul class=\"tech-specs-items-description\" data-target=\"General\">\n<li class=\"tech-specs-items-description-list\"><span class=\"tech-specs-items-description__title--heading\">General<\/span><\/li>\n<li class=\"tech-specs-items-description-list\"><span class=\"tech-specs-items-description__title\">Power<\/span>\n<p class=\"mb-p\">12 VDC \u00b1 25%, 0.95 A, max. 11.5 W,\u00d85.5 mm coaxial power plug,reverse polarity protection,<\/p>\n<p class=\"mb-p\">PoE: IEEE 802.3at, Class 4, max. 13.5 W<\/p>\n<\/li>\n<li class=\"tech-specs-items-description-list\"><span class=\"tech-specs-items-description__title\">Material<\/span><span class=\"tech-specs-items-description__title-details\">Metal<\/span><\/li>\n<li class=\"tech-specs-items-description-list\"><span class=\"tech-specs-items-description__title\">Dimension<\/span><span class=\"tech-specs-items-description__title-details\">\u00d8325.5 mm \u00d7 105 mm (\u00d812.8&#8243; \u00d7 4.1&#8243;)<\/span><\/li>\n<li class=\"tech-specs-items-description-list\"><span class=\"tech-specs-items-description__title\">Package Dimension<\/span><span class=\"tech-specs-items-description__title-details\">386 mm \u00d7 156 mm \u00d7 155 mm (15.2&#8243; \u00d7 6.1&#8243; \u00d7 6.1&#8243;)<\/span><\/li>\n<li class=\"tech-specs-items-description-list\"><span class=\"tech-specs-items-description__title-details\">Approx. 1200 g (2.4 lb.)<\/span><\/li>\n<li class=\"tech-specs-items-description-list\"><span class=\"tech-specs-items-description__title\">With Package Weight<\/span><span class=\"tech-specs-items-description__title-details\">Approx. 1904 g (3.5 lb.)<\/span><\/li>\n<li class=\"tech-specs-items-description-list\"><span class=\"tech-specs-items-description__title\">Storage Conditions<\/span><span class=\"tech-specs-items-description__title-details\">-30 \u00b0C to 60 \u00b0C (-22 \u00b0F to 140 \u00b0F). Humidity 95% or less (non-condensing)<\/span><\/li>\n<li class=\"tech-specs-items-description-list\"><span class=\"tech-specs-items-description__title\">Startup and Operating Conditions<\/span><span class=\"tech-specs-items-description__title-details\">-30 \u00b0C to 60 \u00b0C (-22 \u00b0F to 140 \u00b0F). Humidity 95% or less (non-condensing)<\/span><\/li>\n<li class=\"tech-specs-items-description-list\"><span class=\"tech-specs-items-description__title\">General Function<\/span><span class=\"tech-specs-items-description__title-details\">Heartbeat,anti-banding,mirror,flash log,password reset via email,pixel counter<\/span><\/li>\n<li class=\"tech-specs-items-description-list\"><span class=\"tech-specs-items-description__title\">Language<\/span><span class=\"tech-specs-items-description__title-details\">33 languages: English, Russian, Estonian, Bulgarian, Hungarian, Greek, German, Italian, Czech, Slovak, French, Polish, Dutch, Portuguese, Spanish, Romanian, Danish, Swedish, Norwegian, Finnish, Croatian, Slovenian, Serbian, Turkish, Korean, Traditional Chinese, Thai, Vietnamese, Japanese, Latvian, Lithuanian, Portuguese (Brazil), Ukrainian<\/span><\/li>\n<\/ul>\n<ul class=\"tech-specs-items-description\" data-target=\"Approval\">\n<li class=\"tech-specs-items-description-list\"><span class=\"tech-specs-items-description__title--heading\">Approval<\/span><\/li>\n<li class=\"tech-specs-items-description-list\"><span class=\"tech-specs-items-description__title\">EMC<\/span>\n<p class=\"mb-p\">FCC: 47 CFR Part 15, Subpart B,<\/p>\n<p class=\"mb-p\">CE-EMC: EN 55032: 2015, EN 61000-3-2:2019, EN 61000-3-3: 2013+A1:2019, EN 50130-4: 2011 +A1: 2014,<\/p>\n<p class=\"mb-p\">RCM: AS\/NZS CISPR 32: 2015,<\/p>\n<p class=\"mb-p\">IC: ICES-003: Issue 7,<\/p>\n<p class=\"mb-p\">KC: KN32: 2015, KN35: 2015<\/p>\n<\/li>\n<li class=\"tech-specs-items-description-list\"><span class=\"tech-specs-items-description__title\">Safety<\/span>\n<p class=\"mb-p\">UL: UL 62368-1,<\/p>\n<p class=\"mb-p\">CB: IEC 62368-1: 2014+A11,<\/p>\n<p class=\"mb-p\">CE-LVD: EN 62368-1: 2014\/A11: 2017,<\/p>\n<p class=\"mb-p\">BIS: IS 13252 (Part 1): 2010\/IEC 60950-1: 2005,<\/p>\n<p class=\"mb-p\">LOA: IEC\/EN 60950-1<\/p>\n<\/li>\n<li class=\"tech-specs-items-description-list\"><span class=\"tech-specs-items-description__title\">Environment<\/span>\n<p class=\"mb-p\">CE-RoHS: 2011\/65\/EU,<\/p>\n<p class=\"mb-p\">WEEE: 2012\/19\/EU,<\/p>\n<p class=\"mb-p\">Reach: Regulation (EC) No 1907\/2006<\/p>\n<\/li>\n<li class=\"tech-specs-items-description-list\"><span class=\"tech-specs-items-description__title\">Protection<\/span><span class=\"tech-specs-items-description__title-details\">IP67: IEC 60529-2013<\/span><\/li>\n<\/ul>\n","protected":false},"excerpt":{"rendered":"<p>Camera Image Sensor1\/3&#8243; Progressive Scan CMOS Max. Resolution2688 \u00d7 1520 Min. IlluminationColor: 0.003 Lux @ (F1.4, AGC ON),B\/W: 0 Lux with IR Shutter Time1\/3 s to 1\/100,000 s Day &amp;<\/p>\n","protected":false},"featured_media":3976,"comment_status":"open","ping_status":"closed","template":"","meta":[],"product_brand":[],"product_cat":[245,277],"product_tag":[],"class_list":{"0":"post-3975","1":"product","2":"type-product","3":"status-publish","6":"product_cat-camera","7":"product_cat-hikvision","9":"first","10":"instock","11":"taxable","12":"shipping-taxable","13":"product-type-simple"},"_links":{"self":[{"href":"https:\/\/singlacomputers.com\/index.php\/wp-json\/wp\/v2\/product\/3975","targetHints":{"allow":["GET"]}}],"collection":[{"href":"https:\/\/singlacomputers.com\/index.php\/wp-json\/wp\/v2\/product"}],"about":[{"href":"https:\/\/singlacomputers.com\/index.php\/wp-json\/wp\/v2\/types\/product"}],"replies":[{"embeddable":true,"href":"https:\/\/singlacomputers.com\/index.php\/wp-json\/wp\/v2\/comments?post=3975"}],"wp:featuredmedia":[{"embeddable":true,"href":"https:\/\/singlacomputers.com\/index.php\/wp-json\/wp\/v2\/media\/3976"}],"wp:attachment":[{"href":"https:\/\/singlacomputers.com\/index.php\/wp-json\/wp\/v2\/media?parent=3975"}],"wp:term":[{"taxonomy":"product_brand","embeddable":true,"href":"https:\/\/singlacomputers.com\/index.php\/wp-json\/wp\/v2\/product_brand?post=3975"},{"taxonomy":"product_cat","embeddable":true,"href":"https:\/\/singlacomputers.com\/index.php\/wp-json\/wp\/v2\/product_cat?post=3975"},{"taxonomy":"product_tag","embeddable":true,"href":"https:\/\/singlacomputers.com\/index.php\/wp-json\/wp\/v2\/product_tag?post=3975"}],"curies":[{"name":"wp","href":"https:\/\/api.w.org\/{rel}","templated":true}]}}